{"id":5725,"date":"2024-10-05T11:09:32","date_gmt":"2024-10-05T11:09:32","guid":{"rendered":"https:\/\/aiden.es\/store\/?page_id=5725"},"modified":"2024-10-25T09:16:32","modified_gmt":"2024-10-25T09:16:32","slug":"quienes-somos","status":"publish","type":"page","link":"https:\/\/aiden.es\/store\/quienes-somos\/","title":{"rendered":"\u00bfQui\u00e9nes somos?"},"content":{"rendered":"\t\t<div data-elementor-type=\"wp-page\" data-elementor-id=\"5725\" class=\"elementor elementor-5725\" data-elementor-post-type=\"page\">\n\t\t\t\t<div class=\"elementor-element elementor-element-df63dbf e-flex e-con-boxed e-con e-parent\" data-id=\"df63dbf\" data-element_type=\"container\" data-settings=\"{&quot;background_background&quot;:&quot;classic&quot;}\">\n\t\t\t\t\t<div class=\"e-con-inner\">\n\t\t<div class=\"elementor-element elementor-element-fa60c01 e-con-full e-flex e-con e-child\" data-id=\"fa60c01\" data-element_type=\"container\">\n\t\t\t\t<div class=\"elementor-element elementor-element-e6d33bb elementor-widget elementor-widget-heading\" data-id=\"e6d33bb\" data-element_type=\"widget\" data-widget_type=\"heading.default\">\n\t\t\t\t<div class=\"elementor-widget-container\">\n\t\t\t<h1 class=\"elementor-heading-title elementor-size-default\"><b>\u00bfQui\u00e9nes somos? Aiden <i>Flex<\/i>, encantados.<\/b><\/h1>\t\t<\/div>\n\t\t\t\t<\/div>\n\t\t\t\t<div class=\"elementor-element elementor-element-06bd0b9 elementor-widget elementor-widget-text-editor\" data-id=\"06bd0b9\" data-element_type=\"widget\" data-widget_type=\"text-editor.default\">\n\t\t\t\t<div class=\"elementor-widget-container\">\n\t\t\t\t\t\t\t<p>Nuestra misi\u00f3n es ofrecer tecnolog\u00eda de calidad, a mejores precios y con un menor impacto ambiental.<\/p>\t\t\t\t\t\t<\/div>\n\t\t\t\t<\/div>\n\t\t\t\t<\/div>\n\t\t<div class=\"elementor-element elementor-element-1ae977c e-con-full e-flex e-con e-child\" data-id=\"1ae977c\" data-element_type=\"container\">\n\t\t\t\t<div class=\"elementor-element elementor-element-274e2f5 elementor-widget elementor-widget-image\" data-id=\"274e2f5\" data-element_type=\"widget\" data-widget_type=\"image.default\">\n\t\t\t\t<div class=\"elementor-widget-container\">\n\t\t\t\t\t\t\t\t\t\t\t\t\t<img fetchpriority=\"high\" decoding=\"async\" width=\"1024\" height=\"1024\" src=\"https:\/\/aiden.es\/store\/wp-content\/uploads\/2024\/10\/Task-done-150x150.png\" class=\"attachment-large size-large wp-image-5767 et-lazyload lazyload\" alt=\"\" data-src=\"https:\/\/aiden.es\/store\/wp-content\/uploads\/2024\/10\/Task-done-1024x1024.png\" data-sizes=\"(max-width: 1024px) 100vw, 1024px\" data-srcset=\"https:\/\/aiden.es\/store\/wp-content\/uploads\/2024\/10\/Task-done-1024x1024.png 1024w, https:\/\/aiden.es\/store\/wp-content\/uploads\/2024\/10\/Task-done-300x300.png 300w, https:\/\/aiden.es\/store\/wp-content\/uploads\/2024\/10\/Task-done-150x150.png 150w, https:\/\/aiden.es\/store\/wp-content\/uploads\/2024\/10\/Task-done-768x768.png 768w, https:\/\/aiden.es\/store\/wp-content\/uploads\/2024\/10\/Task-done-1536x1536.png 1536w, https:\/\/aiden.es\/store\/wp-content\/uploads\/2024\/10\/Task-done-600x600.png 600w, https:\/\/aiden.es\/store\/wp-content\/uploads\/2024\/10\/Task-done-900x900.png 900w, https:\/\/aiden.es\/store\/wp-content\/uploads\/2024\/10\/Task-done-100x100.png 100w, https:\/\/aiden.es\/store\/wp-content\/uploads\/2024\/10\/Task-done-50x50.png 50w, https:\/\/aiden.es\/store\/wp-content\/uploads\/2024\/10\/Task-done.png 2000w\" srcset=\"https:\/\/aiden.es\/store\/wp-content\/uploads\/2024\/10\/Task-done-150x150.png 150w, https:\/\/aiden.es\/store\/wp-content\/uploads\/2024\/10\/Task-done-300x300.png 300w, https:\/\/aiden.es\/store\/wp-content\/uploads\/2024\/10\/Task-done-1024x1024.png 1024w, https:\/\/aiden.es\/store\/wp-content\/uploads\/2024\/10\/Task-done-768x768.png 768w, https:\/\/aiden.es\/store\/wp-content\/uploads\/2024\/10\/Task-done-1536x1536.png 1536w, https:\/\/aiden.es\/store\/wp-content\/uploads\/2024\/10\/Task-done-600x600.png 600w, https:\/\/aiden.es\/store\/wp-content\/uploads\/2024\/10\/Task-done-900x900.png 900w, https:\/\/aiden.es\/store\/wp-content\/uploads\/2024\/10\/Task-done-100x100.png 100w, https:\/\/aiden.es\/store\/wp-content\/uploads\/2024\/10\/Task-done-50x50.png 50w, https:\/\/aiden.es\/store\/wp-content\/uploads\/2024\/10\/Task-done.png 2000w\" sizes=\"(max-width: 1024px) 100vw, 1024px\" \/>\t\t\t\t\t\t\t\t\t\t\t\t\t<\/div>\n\t\t\t\t<\/div>\n\t\t\t\t<\/div>\n\t\t\t\t\t<\/div>\n\t\t\t\t<\/div>\n\t\t<div class=\"elementor-element elementor-element-7a03d9b e-flex e-con-boxed e-con e-parent\" data-id=\"7a03d9b\" data-element_type=\"container\" data-settings=\"{&quot;background_background&quot;:&quot;classic&quot;}\">\n\t\t\t\t\t<div class=\"e-con-inner\">\n\t\t<div class=\"elementor-element elementor-element-6797d67 e-con-full e-flex elementor-invisible e-con e-child\" data-id=\"6797d67\" data-element_type=\"container\" data-settings=\"{&quot;animation&quot;:&quot;fadeInUp&quot;}\">\n\t\t\t\t<div class=\"elementor-element elementor-element-9fd7b9d elementor-widget elementor-widget-heading\" data-id=\"9fd7b9d\" data-element_type=\"widget\" data-widget_type=\"heading.default\">\n\t\t\t\t<div class=\"elementor-widget-container\">\n\t\t\t<h1 class=\"elementor-heading-title elementor-size-default\"><b>Somos un <i>marketplace<\/i> de productos renovados<\/b><\/h1>\t\t<\/div>\n\t\t\t\t<\/div>\n\t\t\t\t<div class=\"elementor-element elementor-element-f3f14e9 elementor-widget elementor-widget-text-editor\" data-id=\"f3f14e9\" data-element_type=\"widget\" data-widget_type=\"text-editor.default\">\n\t\t\t\t<div class=\"elementor-widget-container\">\n\t\t\t\t\t\t\t<p>Somos un marketplace global de productos reacondicionados. Los rigurosos procesos de selecci\u00f3n de vendedores aseguran que solo los mejores puedan ofrecer sus productos en esta plataforma.<\/p>\t\t\t\t\t\t<\/div>\n\t\t\t\t<\/div>\n\t\t\t\t<div class=\"elementor-element elementor-element-172920b elementor-widget elementor-widget-image\" data-id=\"172920b\" data-element_type=\"widget\" data-widget_type=\"image.default\">\n\t\t\t\t<div class=\"elementor-widget-container\">\n\t\t\t\t\t\t\t\t\t\t\t\t\t<img decoding=\"async\" width=\"1024\" height=\"1024\" src=\"https:\/\/aiden.es\/store\/wp-content\/uploads\/2024\/10\/Setting-150x150.png\" class=\"attachment-large size-large wp-image-5781 et-lazyload lazyload\" alt=\"\" data-src=\"https:\/\/aiden.es\/store\/wp-content\/uploads\/2024\/10\/Setting-1024x1024.png\" data-sizes=\"(max-width: 1024px) 100vw, 1024px\" data-srcset=\"https:\/\/aiden.es\/store\/wp-content\/uploads\/2024\/10\/Setting-1024x1024.png 1024w, https:\/\/aiden.es\/store\/wp-content\/uploads\/2024\/10\/Setting-300x300.png 300w, https:\/\/aiden.es\/store\/wp-content\/uploads\/2024\/10\/Setting-150x150.png 150w, https:\/\/aiden.es\/store\/wp-content\/uploads\/2024\/10\/Setting-768x768.png 768w, https:\/\/aiden.es\/store\/wp-content\/uploads\/2024\/10\/Setting-1536x1536.png 1536w, https:\/\/aiden.es\/store\/wp-content\/uploads\/2024\/10\/Setting-600x600.png 600w, https:\/\/aiden.es\/store\/wp-content\/uploads\/2024\/10\/Setting-900x900.png 900w, https:\/\/aiden.es\/store\/wp-content\/uploads\/2024\/10\/Setting-100x100.png 100w, https:\/\/aiden.es\/store\/wp-content\/uploads\/2024\/10\/Setting-50x50.png 50w, https:\/\/aiden.es\/store\/wp-content\/uploads\/2024\/10\/Setting.png 2000w\" srcset=\"https:\/\/aiden.es\/store\/wp-content\/uploads\/2024\/10\/Setting-150x150.png 150w, https:\/\/aiden.es\/store\/wp-content\/uploads\/2024\/10\/Setting-300x300.png 300w, https:\/\/aiden.es\/store\/wp-content\/uploads\/2024\/10\/Setting-1024x1024.png 1024w, https:\/\/aiden.es\/store\/wp-content\/uploads\/2024\/10\/Setting-768x768.png 768w, https:\/\/aiden.es\/store\/wp-content\/uploads\/2024\/10\/Setting-1536x1536.png 1536w, https:\/\/aiden.es\/store\/wp-content\/uploads\/2024\/10\/Setting-600x600.png 600w, https:\/\/aiden.es\/store\/wp-content\/uploads\/2024\/10\/Setting-900x900.png 900w, https:\/\/aiden.es\/store\/wp-content\/uploads\/2024\/10\/Setting-100x100.png 100w, https:\/\/aiden.es\/store\/wp-content\/uploads\/2024\/10\/Setting-50x50.png 50w, https:\/\/aiden.es\/store\/wp-content\/uploads\/2024\/10\/Setting.png 2000w\" sizes=\"(max-width: 1024px) 100vw, 1024px\" \/>\t\t\t\t\t\t\t\t\t\t\t\t\t<\/div>\n\t\t\t\t<\/div>\n\t\t\t\t<\/div>\n\t\t\t\t\t<\/div>\n\t\t\t\t<\/div>\n\t\t<div class=\"elementor-element elementor-element-58c7242 e-flex e-con-boxed e-con e-parent\" data-id=\"58c7242\" data-element_type=\"container\" data-settings=\"{&quot;background_background&quot;:&quot;classic&quot;}\">\n\t\t\t\t\t<div class=\"e-con-inner\">\n\t\t<div class=\"elementor-element elementor-element-5c441dd e-con-full e-flex elementor-invisible e-con e-child\" data-id=\"5c441dd\" data-element_type=\"container\" data-settings=\"{&quot;animation&quot;:&quot;fadeInUp&quot;}\">\n\t\t\t\t<div class=\"elementor-element elementor-element-f9a7ecd elementor-widget elementor-widget-heading\" data-id=\"f9a7ecd\" data-element_type=\"widget\" data-widget_type=\"heading.default\">\n\t\t\t\t<div class=\"elementor-widget-container\">\n\t\t\t<h1 class=\"elementor-heading-title elementor-size-default\"><b>Nuestros <i>dispositivos<\/i> premium lo dejan todo como nuevo<\/b><\/h1>\t\t<\/div>\n\t\t\t\t<\/div>\n\t\t\t\t<div class=\"elementor-element elementor-element-8e97e02 elementor-widget elementor-widget-text-editor\" data-id=\"8e97e02\" data-element_type=\"widget\" data-widget_type=\"text-editor.default\">\n\t\t\t\t<div class=\"elementor-widget-container\">\n\t\t\t\t\t\t\t<p>Trabajamos en conjunto con reacondicionadores profesionales para asegurar que cada producto ha sido inspeccionado y renovado, garantizando un perfecto funcionamiento. Todo esto, con hasta un 70 % de descuento en comparaci\u00f3n con un producto nuevo.<\/p>\t\t\t\t\t\t<\/div>\n\t\t\t\t<\/div>\n\t\t\t\t<div class=\"elementor-element elementor-element-112ffc8 elementor-widget elementor-widget-image\" data-id=\"112ffc8\" data-element_type=\"widget\" data-widget_type=\"image.default\">\n\t\t\t\t<div class=\"elementor-widget-container\">\n\t\t\t\t\t\t\t\t\t\t\t\t\t<img decoding=\"async\" width=\"1024\" height=\"1024\" src=\"https:\/\/aiden.es\/store\/wp-content\/uploads\/2024\/10\/Task-list-150x150.png\" class=\"attachment-large size-large wp-image-5766 et-lazyload lazyload\" alt=\"\" data-src=\"https:\/\/aiden.es\/store\/wp-content\/uploads\/2024\/10\/Task-list-1024x1024.png\" data-sizes=\"(max-width: 1024px) 100vw, 1024px\" data-srcset=\"https:\/\/aiden.es\/store\/wp-content\/uploads\/2024\/10\/Task-list-1024x1024.png 1024w, https:\/\/aiden.es\/store\/wp-content\/uploads\/2024\/10\/Task-list-300x300.png 300w, https:\/\/aiden.es\/store\/wp-content\/uploads\/2024\/10\/Task-list-150x150.png 150w, https:\/\/aiden.es\/store\/wp-content\/uploads\/2024\/10\/Task-list-768x768.png 768w, https:\/\/aiden.es\/store\/wp-content\/uploads\/2024\/10\/Task-list-1536x1536.png 1536w, https:\/\/aiden.es\/store\/wp-content\/uploads\/2024\/10\/Task-list-600x600.png 600w, https:\/\/aiden.es\/store\/wp-content\/uploads\/2024\/10\/Task-list-900x900.png 900w, https:\/\/aiden.es\/store\/wp-content\/uploads\/2024\/10\/Task-list-100x100.png 100w, https:\/\/aiden.es\/store\/wp-content\/uploads\/2024\/10\/Task-list-50x50.png 50w, https:\/\/aiden.es\/store\/wp-content\/uploads\/2024\/10\/Task-list.png 2000w\" srcset=\"https:\/\/aiden.es\/store\/wp-content\/uploads\/2024\/10\/Task-list-150x150.png 150w, https:\/\/aiden.es\/store\/wp-content\/uploads\/2024\/10\/Task-list-300x300.png 300w, https:\/\/aiden.es\/store\/wp-content\/uploads\/2024\/10\/Task-list-1024x1024.png 1024w, https:\/\/aiden.es\/store\/wp-content\/uploads\/2024\/10\/Task-list-768x768.png 768w, https:\/\/aiden.es\/store\/wp-content\/uploads\/2024\/10\/Task-list-1536x1536.png 1536w, https:\/\/aiden.es\/store\/wp-content\/uploads\/2024\/10\/Task-list-600x600.png 600w, https:\/\/aiden.es\/store\/wp-content\/uploads\/2024\/10\/Task-list-900x900.png 900w, https:\/\/aiden.es\/store\/wp-content\/uploads\/2024\/10\/Task-list-100x100.png 100w, https:\/\/aiden.es\/store\/wp-content\/uploads\/2024\/10\/Task-list-50x50.png 50w, https:\/\/aiden.es\/store\/wp-content\/uploads\/2024\/10\/Task-list.png 2000w\" sizes=\"(max-width: 1024px) 100vw, 1024px\" \/>\t\t\t\t\t\t\t\t\t\t\t\t\t<\/div>\n\t\t\t\t<\/div>\n\t\t\t\t<\/div>\n\t\t\t\t\t<\/div>\n\t\t\t\t<\/div>\n\t\t<div class=\"elementor-element elementor-element-1aecaed e-flex e-con-boxed e-con e-parent\" data-id=\"1aecaed\" data-element_type=\"container\" data-settings=\"{&quot;background_background&quot;:&quot;classic&quot;}\">\n\t\t\t\t\t<div class=\"e-con-inner\">\n\t\t<div class=\"elementor-element elementor-element-3c6983f e-con-full e-flex elementor-invisible e-con e-child\" data-id=\"3c6983f\" data-element_type=\"container\" data-settings=\"{&quot;animation&quot;:&quot;fadeInUp&quot;}\">\n\t\t\t\t<div class=\"elementor-element elementor-element-fe0b2c8 elementor-widget elementor-widget-heading\" data-id=\"fe0b2c8\" data-element_type=\"widget\" data-widget_type=\"heading.default\">\n\t\t\t\t<div class=\"elementor-widget-container\">\n\t\t\t<h1 class=\"elementor-heading-title elementor-size-default\"><b>Bueno para tu bolsillo, y para el <i>planeta<\/i><\/b><\/h1>\t\t<\/div>\n\t\t\t\t<\/div>\n\t\t\t\t<div class=\"elementor-element elementor-element-bde9250 elementor-widget elementor-widget-text-editor\" data-id=\"bde9250\" data-element_type=\"widget\" data-widget_type=\"text-editor.default\">\n\t\t\t\t<div class=\"elementor-widget-container\">\n\t\t\t\t\t\t\t<p>Un m\u00f3vil reacondicionado utiliza un 91,3 % menos de materias primas, 86,4 % menos de agua y genera un 89 % menos de residuos electr\u00f3nicos. Adem\u00e1s, reduce las emisiones de carbono en un 91,6 % en comparaci\u00f3n con uno nuevo. Y eso es solo de media.<\/p>\t\t\t\t\t\t<\/div>\n\t\t\t\t<\/div>\n\t\t\t\t<\/div>\n\t\t\t\t<div class=\"elementor-element elementor-element-77006a2 elementor-widget elementor-widget-image\" data-id=\"77006a2\" data-element_type=\"widget\" data-widget_type=\"image.default\">\n\t\t\t\t<div class=\"elementor-widget-container\">\n\t\t\t\t\t\t\t\t\t\t\t\t\t<img loading=\"lazy\" decoding=\"async\" width=\"1024\" height=\"1024\" src=\"https:\/\/aiden.es\/store\/wp-content\/uploads\/2024\/10\/Finance-150x150.png\" class=\"attachment-large size-large wp-image-5777 et-lazyload lazyload\" alt=\"\" data-src=\"https:\/\/aiden.es\/store\/wp-content\/uploads\/2024\/10\/Finance-1024x1024.png\" data-sizes=\"(max-width: 1024px) 100vw, 1024px\" data-srcset=\"https:\/\/aiden.es\/store\/wp-content\/uploads\/2024\/10\/Finance-1024x1024.png 1024w, https:\/\/aiden.es\/store\/wp-content\/uploads\/2024\/10\/Finance-300x300.png 300w, https:\/\/aiden.es\/store\/wp-content\/uploads\/2024\/10\/Finance-150x150.png 150w, https:\/\/aiden.es\/store\/wp-content\/uploads\/2024\/10\/Finance-768x768.png 768w, https:\/\/aiden.es\/store\/wp-content\/uploads\/2024\/10\/Finance-1536x1536.png 1536w, https:\/\/aiden.es\/store\/wp-content\/uploads\/2024\/10\/Finance-600x600.png 600w, https:\/\/aiden.es\/store\/wp-content\/uploads\/2024\/10\/Finance-900x900.png 900w, https:\/\/aiden.es\/store\/wp-content\/uploads\/2024\/10\/Finance-100x100.png 100w, https:\/\/aiden.es\/store\/wp-content\/uploads\/2024\/10\/Finance-50x50.png 50w, https:\/\/aiden.es\/store\/wp-content\/uploads\/2024\/10\/Finance.png 2000w\" srcset=\"https:\/\/aiden.es\/store\/wp-content\/uploads\/2024\/10\/Finance-150x150.png 150w, https:\/\/aiden.es\/store\/wp-content\/uploads\/2024\/10\/Finance-300x300.png 300w, https:\/\/aiden.es\/store\/wp-content\/uploads\/2024\/10\/Finance-1024x1024.png 1024w, https:\/\/aiden.es\/store\/wp-content\/uploads\/2024\/10\/Finance-768x768.png 768w, https:\/\/aiden.es\/store\/wp-content\/uploads\/2024\/10\/Finance-1536x1536.png 1536w, https:\/\/aiden.es\/store\/wp-content\/uploads\/2024\/10\/Finance-600x600.png 600w, https:\/\/aiden.es\/store\/wp-content\/uploads\/2024\/10\/Finance-900x900.png 900w, https:\/\/aiden.es\/store\/wp-content\/uploads\/2024\/10\/Finance-100x100.png 100w, https:\/\/aiden.es\/store\/wp-content\/uploads\/2024\/10\/Finance-50x50.png 50w, https:\/\/aiden.es\/store\/wp-content\/uploads\/2024\/10\/Finance.png 2000w\" sizes=\"(max-width: 1024px) 100vw, 1024px\" \/>\t\t\t\t\t\t\t\t\t\t\t\t\t<\/div>\n\t\t\t\t<\/div>\n\t\t\t\t\t<\/div>\n\t\t\t\t<\/div>\n\t\t<div class=\"elementor-element elementor-element-d2e57cf e-flex e-con-boxed e-con e-parent\" data-id=\"d2e57cf\" data-element_type=\"container\">\n\t\t\t\t\t<div class=\"e-con-inner\">\n\t\t\t\t<div class=\"elementor-element elementor-element-bf463be elementor-widget elementor-widget-html\" data-id=\"bf463be\" data-element_type=\"widget\" data-widget_type=\"html.default\">\n\t\t\t\t<div class=\"elementor-widget-container\">\n\t\t\t<script src=\"https:\/\/static.elfsight.com\/platform\/platform.js\" async><\/script>\n<div class=\"elfsight-app-86871d68-731b-4332-853b-80443ba1101e\" data-elfsight-app-lazy><\/div>\t\t<\/div>\n\t\t\t\t<\/div>\n\t\t\t\t\t<\/div>\n\t\t\t\t<\/div>\n\t\t\t\t<\/div>\n\t\t","protected":false},"excerpt":{"rendered":"<p>\u00bfQui\u00e9nes somos? Aiden Flex, encantados. Nuestra misi\u00f3n es ofrecer tecnolog\u00eda de calidad, a mejores precios y con un menor impacto ambiental. Somos un marketplace de productos renovados Somos un marketplace global de productos reacondicionados. Los rigurosos procesos de selecci\u00f3n de vendedores aseguran que solo los mejores puedan ofrecer sus productos&hellip;<\/p>\n","protected":false},"author":1,"featured_media":0,"parent":0,"menu_order":0,"comment_status":"closed","ping_status":"closed","template":"elementor_header_footer","meta":{"footnotes":""},"class_list":["post-5725","page","type-page","status-publish","hentry"],"aioseo_notices":[],"_links":{"self":[{"href":"https:\/\/aiden.es\/store\/wp-json\/wp\/v2\/pages\/5725","targetHints":{"allow":["GET"]}}],"collection":[{"href":"https:\/\/aiden.es\/store\/wp-json\/wp\/v2\/pages"}],"about":[{"href":"https:\/\/aiden.es\/store\/wp-json\/wp\/v2\/types\/page"}],"author":[{"embeddable":true,"href":"https:\/\/aiden.es\/store\/wp-json\/wp\/v2\/users\/1"}],"replies":[{"embeddable":true,"href":"https:\/\/aiden.es\/store\/wp-json\/wp\/v2\/comments?post=5725"}],"version-history":[{"count":47,"href":"https:\/\/aiden.es\/store\/wp-json\/wp\/v2\/pages\/5725\/revisions"}],"predecessor-version":[{"id":6587,"href":"https:\/\/aiden.es\/store\/wp-json\/wp\/v2\/pages\/5725\/revisions\/6587"}],"wp:attachment":[{"href":"https:\/\/aiden.es\/store\/wp-json\/wp\/v2\/media?parent=5725"}],"curies":[{"name":"wp","href":"https:\/\/api.w.org\/{rel}","templated":true}]}}