{"id":6537,"date":"2024-10-11T12:47:08","date_gmt":"2024-10-11T12:47:08","guid":{"rendered":"https:\/\/aiden.es\/store\/?page_id=6537"},"modified":"2024-10-11T12:51:09","modified_gmt":"2024-10-11T12:51:09","slug":"aviso-legal","status":"publish","type":"page","link":"https:\/\/aiden.es\/store\/aviso-legal\/","title":{"rendered":"Aviso legal"},"content":{"rendered":"\t\t<div data-elementor-type=\"wp-page\" data-elementor-id=\"6537\" class=\"elementor elementor-6537\" data-elementor-post-type=\"page\">\n\t\t\t\t<div class=\"elementor-element elementor-element-29148b19 e-flex e-con-boxed e-con e-parent\" data-id=\"29148b19\" data-element_type=\"container\">\n\t\t\t\t\t<div class=\"e-con-inner\">\n\t\t\t\t<div class=\"elementor-element elementor-element-5ef6a374 elementor-widget elementor-widget-heading\" data-id=\"5ef6a374\" data-element_type=\"widget\" data-widget_type=\"heading.default\">\n\t\t\t\t<div class=\"elementor-widget-container\">\n\t\t\t<h2 class=\"elementor-heading-title elementor-size-default\">Aviso Legal<\/h2>\t\t<\/div>\n\t\t\t\t<\/div>\n\t\t\t\t\t<\/div>\n\t\t\t\t<\/div>\n\t\t<div class=\"elementor-element elementor-element-67801307 e-flex e-con-boxed e-con e-parent\" data-id=\"67801307\" data-element_type=\"container\" data-settings=\"{&quot;background_background&quot;:&quot;classic&quot;}\">\n\t\t\t\t\t<div class=\"e-con-inner\">\n\t\t\t\t<div class=\"elementor-element elementor-element-596480fd elementor-widget elementor-widget-text-editor\" data-id=\"596480fd\" data-element_type=\"widget\" data-widget_type=\"text-editor.default\">\n\t\t\t\t<div class=\"elementor-widget-container\">\n\t\t\t\t\t\t\t<h3>1 \u2013 Titularidad del sitio<\/h3><p>El titular del presente Sitio es: <strong>AIDEN FLEX Ltd<\/strong> (en adelante, &#8220;AIDEN FLEX&#8221;).<\/p><ul><li><strong>Domicilio social:<\/strong> Kemp House, 128 City Road, London, EC1V 2NX, UNITED KINGDOM.<\/li><li><strong>N\u00famero de la compa\u00f1\u00eda:<\/strong> 16011374.<br \/>Puede descargar el certificado de compa\u00f1\u00eda pulsando en el siguiente <a href=\"https:\/\/s3.eu-west-2.amazonaws.com\/document-api-images-live.ch.gov.uk\/docs\/m5loEZSn8pAn_oUmqigBs0rTOz1saNy6obMqLqawwIs\/application-pdf?X-Amz-Algorithm=AWS4-HMAC-SHA256&amp;X-Amz-Credential=ASIAWRGBDBV3A3PR6V4X%2F20241011%2Feu-west-2%2Fs3%2Faws4_request&amp;X-Amz-Date=20241011T125014Z&amp;X-Amz-Expires=60&amp;X-Amz-Security-Token=IQoJb3JpZ2luX2VjEDIaCWV1LXdlc3QtMiJIMEYCIQDDs9myvU4DSd46H8S3mAb56a25%2BMA3Lo0ITmmH1Zp8IgIhAP%2BDijQ8A4%2FaGPtZV9Irm9Uyp9X34bTACDs0qDByeS5EKsIFCIv%2F%2F%2F%2F%2F%2F%2F%2F%2F%2FwEQBRoMNDQ5MjI5MDMyODIyIgzFQ2hWZT%2FGqyg8MtMqlgXrxL7lfEQi4GsITG9DpdT2Gs872heOTmHAevLMPLG4GVhJf0ty5zOXeuMUYzhjQ7P%2FWgZHtOOciSHMS%2B70i43OQf9gRtQ8dxJNAnCOn1qGlo6kGbTX8a0O88F6ilG8VrKWmTZ%2FQ9o7%2FK0ysf%2FkLXWBzW8w2XidWcrj0wpkj9pRKTsglC93Ikx81Mie%2FYeR56tH5P2MW7G2XlErCToPco9BvELP6GFnPiG0ybYRivEROtKjagKDatvyXQLc%2BWyVQxHGSOO0AOb67RaWzafiggW0tBb4HP0DeIt9G4Yd9%2B0Rjv9rf7Shms4jhsP3RzjuQsJlBerOqQaZzvYag43lYv7IJTZU%2Fs%2FV4elK86FE4psxXQ7iGBeQMa4sLR03D7LeFknwpxSjwRGY6%2ByOp%2FPm38T2BzK5f2SOCw7Yegy2jQ1cGEuU6QM4L1HhMZ%2BlLncQ%2FM%2BmwOC%2FWPIRllY9kPMLO6WjlZ7ghsrIEXwb5PH4VHUU%2B7L0CFklu6JLNfOR65DuZbbL72jEJNHTYpO2TlEpLidTuKYpelNyBtqbDpBiQwa8R9295%2BtUKZVSlEYghwqLilss8xMeGNTIrNq1%2FMgEQp3lmznYJByBx%2BbdBXS2d9LFB%2BzCXw8BUAZfwQLcqMsjXZPibq5a%2Bikow%2FP2hwPjNnQdo0inuTUmx9zgPWrYII6Dx12UVwhgqwtKbhm5Fm9FuOJmMFGukzSFZZhsHiWLCrY6l1H1ea9d2KL4vplb3FDDOrPpjSvDzk9TmHec75cNgRZVbvBVCio8QckVP%2B5onNQYyyVaR1TqHXv%2B78vTeX%2FMVvGvS4CIEuDj8ksetgyTmbihcAVepvC3UxilZV%2F4WUdAz4zg%2FLoCYxUBthWtlfNp9%2Bsh78eqtTCX36O4BjqwAVq2E9lqMYDCQ%2BHmHUZJfA3Kn%2FEhiZbRAG7weeYjh2d4apVZ3KH8O4slTr7CKHZZmmTFOBUaLzOJJXiukK%2FBvcfj6LXeow4lELWKcywH3FxWigHOLXgryE5o3FV6uvKBnc48Ds44Qwi4Fq4ba97%2F5EnAosc3yfMNaGrrImwhcH8xeu1Ej1pGN5R3pY3OMbBtOmV8Sthif3FWP9gCAJtvvg9hILl1MSdkEgyGT00t43tK&amp;X-Amz-SignedHeaders=host&amp;response-content-disposition=inline%3Bfilename%3D%2216011374_newinc_2024-10-10.pdf%22&amp;X-Amz-Signature=1bfdfe0076bc7823042e381faa057a6bd1fed4ca00c8ace64d94a48f0a489c1a\">enlace<\/a>.<br \/>Puede contactar con AIDEN FLEX a trav\u00e9s del correo electr\u00f3nico: <strong><a rel=\"noopener\">help@aidenflex.com<\/a><\/strong>.<\/li><\/ul><p>\u00a0<\/p><h3>2 \u2013 Propiedad intelectual e industrial<\/h3><p>AIDEN FLEX, por s\u00ed o como cesionaria, es titular de todos los derechos de propiedad intelectual e industrial del Sitio, as\u00ed como de los elementos contenidos en el mismo (por ejemplo, im\u00e1genes, audio, v\u00eddeo, software, textos, marcas, logotipos, estructura, dise\u00f1o, etc.), titularidad de AIDEN FLEX o de sus licenciantes.<br \/>Queda expresamente prohibida la reproducci\u00f3n, distribuci\u00f3n y comunicaci\u00f3n p\u00fablica de la totalidad o parte de los contenidos de este Sitio con fines comerciales, sin la autorizaci\u00f3n de AIDEN FLEX.<br \/>El Usuario podr\u00e1 visualizar, imprimir, copiar y almacenar elementos del Sitio exclusivamente para su uso personal y privado, comprometi\u00e9ndose a no suprimir, alterar o manipular cualquier dispositivo de protecci\u00f3n instalado en el Sitio.<\/p><h3>3 \u2013 Exclusi\u00f3n de responsabilidad<\/h3><p>El contenido y los consejos expresados en este sitio son de car\u00e1cter orientativo. AIDEN FLEX no se responsabiliza de la efectividad o exactitud de los mismos y queda exenta de cualquier responsabilidad contractual o extracontractual con los Usuarios que los utilicen.<br \/>AIDEN FLEX no ser\u00e1 responsable de las opiniones vertidas por los usuarios en foros, chats u otras herramientas de participaci\u00f3n, ni de posibles infracciones de derechos de propiedad intelectual por parte de estos.<br \/>La responsabilidad de AIDEN FLEX no abarca la veracidad, exactitud, o actualidad de los contenidos transmitidos o accesibles a trav\u00e9s de su sitio, ni de los contenidos proporcionados por terceros, incluidos los derivados de partnerships.<br \/>AIDEN FLEX se reserva el derecho a eliminar contenidos que sean inveraces, inexactos o contrarios a la ley, la moral, el orden p\u00fablico y las buenas costumbres, as\u00ed como a modificar, suprimir o a\u00f1adir contenidos y servicios en su Sitio sin previo aviso.<br \/>AIDEN FLEX ha adoptado las medidas necesarias para garantizar el funcionamiento del Sitio y evitar la transmisi\u00f3n de virus, aunque no garantiza la ausencia de errores, la continuidad del servicio o la invulnerabilidad del Sitio.<\/p><h3>4 \u2013 Enlaces<\/h3><p>En caso de disponer enlaces o hiperv\u00ednculos a otros sitios de Internet, incluidos redes sociales, AIDEN FLEX no ejerce control sobre dichos sitios y no asume responsabilidad por sus contenidos, ni garantiza la disponibilidad t\u00e9cnica, calidad o exactitud de la informaci\u00f3n en los mismos.<br \/>La inclusi\u00f3n de enlaces no implica ning\u00fan tipo de asociaci\u00f3n, fusi\u00f3n o participaci\u00f3n con las entidades conectadas, salvo acuerdo previo. Ciertos enlaces pueden ser negociados con el responsable del contenido enlazado, sin que esto afecte la independencia de AIDEN FLEX respecto al contenido.<\/p><h3>5 \u2013 Condiciones de uso del sitio para los usuarios<\/h3><p>El acceso al Sitio es gratuito, salvo el coste de la conexi\u00f3n a trav\u00e9s del proveedor de acceso del Usuario.<br \/>Queda prohibido el uso del Sitio con fines lesivos para los intereses de AIDEN FLEX o terceros, as\u00ed como la sobrecarga, da\u00f1o o inutilizaci\u00f3n de los servidores y equipos de AIDEN FLEX.<br \/>El Usuario se compromete a hacer un uso adecuado de los contenidos y servicios del Sitio, no emple\u00e1ndolos para actividades il\u00edcitas, contrarias a la buena fe, la moral y el orden p\u00fablico.<br \/>AIDEN FLEX puede cerrar la cuenta del cliente con un preaviso de 2 meses, de 14 d\u00edas, o de forma inmediata, siendo estas cancelaciones definitivas. AIDEN FLEX no proporcionar\u00e1 informaci\u00f3n sobre el trasfondo de casos individuales.<br \/>El Cliente puede rescindir la relaci\u00f3n comercial en cualquier momento y sin justificaci\u00f3n, previa liquidaci\u00f3n de importes pendientes.<\/p><h3>6 \u2013 Pol\u00edtica de privacidad<\/h3><p>El Usuario puede obtener informaci\u00f3n sobre el tratamiento de sus datos personales a trav\u00e9s del enlace a la Pol\u00edtica de Privacidad en el Sitio.<\/p><h3>7 \u2013 Pol\u00edtica de cookies<\/h3><p>AIDEN FLEX utiliza cookies para personalizar la navegaci\u00f3n del Usuario. Para m\u00e1s detalles, consulte la Pol\u00edtica de Cookies publicada en el Sitio.<\/p><h3>8 \u2013 Generalidades<\/h3><p>AIDEN FLEX perseguir\u00e1 el incumplimiento de este Aviso Legal y cualquier uso indebido del Sitio, ejerciendo las acciones legales correspondientes.<br \/>Si cualquier disposici\u00f3n de este Aviso Legal es declarada nula por la Administraci\u00f3n P\u00fablica o de Justicia, ello no afectar\u00e1 a la validez del resto de contenido.<br \/>El no ejercicio de cualquier derecho por parte de AIDEN FLEX no constituir\u00e1 una renuncia al mismo, salvo acuerdo expreso y por escrito.<\/p><h3>9 \u2013 Modificaci\u00f3n de las presentes condiciones y duraci\u00f3n<\/h3><p>AIDEN FLEX podr\u00e1 modificar estas condiciones en cualquier momento, siendo efectivas desde su publicaci\u00f3n en el Sitio. Las condiciones permanecer\u00e1n vigentes hasta que sean modificadas por otras debidamente publicadas.<\/p><h3>10 \u2013 Jurisdicci\u00f3n<\/h3><p>Este Aviso Legal se rige por la legislaci\u00f3n espa\u00f1ola y la de la Uni\u00f3n Europea.<br \/>Siempre que la normativa aplicable lo permita, los Usuarios y AIDEN FLEX se someter\u00e1n a los Juzgados y Tribunales de Madrid (Espa\u00f1a) para la resoluci\u00f3n de conflictos, renunciando a cualquier otro fuero que pudiera corresponderles.<\/p><h3>11 \u2013 Contacta con AIDEN FLEX<\/h3><p>Para cualquier consulta sobre este Aviso Legal, sugerencia o recomendaci\u00f3n, puede contactar con AIDEN FLEX a trav\u00e9s de:<\/p><ul><li><strong>Direcci\u00f3n postal:<\/strong> Kemp House, 128 City Road, London, EC1V 2NX, UNITED KINGDOM.<\/li><li><strong>Correo electr\u00f3nico:<\/strong> <a rel=\"noopener\">help@aidenflex.com<\/a>.<\/li><\/ul><p><strong>Este Aviso Legal fue revisado y publicado el 7 de octubre de 2024.<\/strong><\/p>\t\t\t\t\t\t<\/div>\n\t\t\t\t<\/div>\n\t\t\t\t\t<\/div>\n\t\t\t\t<\/div>\n\t\t\t\t<\/div>\n\t\t","protected":false},"excerpt":{"rendered":"<p>Aviso Legal 1 \u2013 Titularidad del sitio El titular del presente Sitio es: AIDEN FLEX Ltd (en adelante, &#8220;AIDEN FLEX&#8221;). Domicilio social: Kemp House, 128 City Road, London, EC1V 2NX, UNITED KINGDOM. N\u00famero de la compa\u00f1\u00eda: 16011374.Puede descargar el certificado de compa\u00f1\u00eda pulsando en el siguiente enlace.Puede contactar con AIDEN&hellip;<\/p>\n","protected":false},"author":1,"featured_media":0,"parent":0,"menu_order":0,"comment_status":"closed","ping_status":"closed","template":"elementor_header_footer","meta":{"footnotes":""},"class_list":["post-6537","page","type-page","status-publish","hentry"],"aioseo_notices":[],"_links":{"self":[{"href":"https:\/\/aiden.es\/store\/wp-json\/wp\/v2\/pages\/6537","targetHints":{"allow":["GET"]}}],"collection":[{"href":"https:\/\/aiden.es\/store\/wp-json\/wp\/v2\/pages"}],"about":[{"href":"https:\/\/aiden.es\/store\/wp-json\/wp\/v2\/types\/page"}],"author":[{"embeddable":true,"href":"https:\/\/aiden.es\/store\/wp-json\/wp\/v2\/users\/1"}],"replies":[{"embeddable":true,"href":"https:\/\/aiden.es\/store\/wp-json\/wp\/v2\/comments?post=6537"}],"version-history":[{"count":4,"href":"https:\/\/aiden.es\/store\/wp-json\/wp\/v2\/pages\/6537\/revisions"}],"predecessor-version":[{"id":6543,"href":"https:\/\/aiden.es\/store\/wp-json\/wp\/v2\/pages\/6537\/revisions\/6543"}],"wp:attachment":[{"href":"https:\/\/aiden.es\/store\/wp-json\/wp\/v2\/media?parent=6537"}],"curies":[{"name":"wp","href":"https:\/\/api.w.org\/{rel}","templated":true}]}}