{"id":6544,"date":"2024-10-11T12:53:00","date_gmt":"2024-10-11T12:53:00","guid":{"rendered":"https:\/\/aiden.es\/store\/?page_id=6544"},"modified":"2024-10-11T12:57:26","modified_gmt":"2024-10-11T12:57:26","slug":"politica-de-privacidad","status":"publish","type":"page","link":"https:\/\/aiden.es\/store\/politica-de-privacidad\/","title":{"rendered":"Politica de privacidad"},"content":{"rendered":"\t\t<div data-elementor-type=\"wp-page\" data-elementor-id=\"6544\" class=\"elementor elementor-6544\" data-elementor-post-type=\"page\">\n\t\t\t\t<div class=\"elementor-element elementor-element-3af2c70a e-flex e-con-boxed e-con e-parent\" data-id=\"3af2c70a\" data-element_type=\"container\">\n\t\t\t\t\t<div class=\"e-con-inner\">\n\t\t\t\t<div class=\"elementor-element elementor-element-6959c5f elementor-widget elementor-widget-heading\" data-id=\"6959c5f\" data-element_type=\"widget\" data-widget_type=\"heading.default\">\n\t\t\t\t<div class=\"elementor-widget-container\">\n\t\t\t<h2 class=\"elementor-heading-title elementor-size-default\">Pol\u00edtica de privacidad<\/h2>\t\t<\/div>\n\t\t\t\t<\/div>\n\t\t\t\t\t<\/div>\n\t\t\t\t<\/div>\n\t\t<div class=\"elementor-element elementor-element-289b3186 e-flex e-con-boxed e-con e-parent\" data-id=\"289b3186\" data-element_type=\"container\" data-settings=\"{&quot;background_background&quot;:&quot;classic&quot;}\">\n\t\t\t\t\t<div class=\"e-con-inner\">\n\t\t\t\t<div class=\"elementor-element elementor-element-5d838134 elementor-widget elementor-widget-text-editor\" data-id=\"5d838134\" data-element_type=\"widget\" data-widget_type=\"text-editor.default\">\n\t\t\t\t<div class=\"elementor-widget-container\">\n\t\t\t\t\t\t\t<p><strong>POL\u00cdTICA DE PRIVACIDAD<\/strong><\/p><h3>1. Titular y Responsable del tratamiento de los Datos<\/h3><p>El responsable del tratamiento de los datos personales, conforme al RGPD, es:<\/p><ul><li><strong>Aiden Flex Ltd<\/strong><\/li><li><strong>Direcci\u00f3n:<\/strong> Kemp House, 160 City Road, London &#8211; EC1V 2NX, UNITED KINGDOM<\/li><li><strong>Tel\u00e9fono:<\/strong> +34 910 604 132<\/li><li><strong>NIF:<\/strong> 16011374<\/li><li><strong>Correo electr\u00f3nico:<\/strong> <a rel=\"noopener\">help@aidenflex.com<\/a><\/li><\/ul><p>\u00a0<\/p><h3>2. Clase de datos recogidos<\/h3><p>Aiden Flex recoge los siguientes tipos de datos personales de manera directa o a trav\u00e9s de terceros:<\/p><ul><li>Informaci\u00f3n personal: nombre, apellidos, sexo, fecha de nacimiento, direcci\u00f3n, n\u00famero de tel\u00e9fono, correo electr\u00f3nico, entre otros.<\/li><li>Informaci\u00f3n profesional: raz\u00f3n social, profesi\u00f3n, n\u00famero de identificaci\u00f3n fiscal (NIF), n\u00famero de empleados.<\/li><li>Datos t\u00e9cnicos: registros del dispositivo, direcci\u00f3n IP, datos de uso, identificadores de usuario.<\/li><li>Permisos sobre dispositivos: acceso a la ubicaci\u00f3n, uso de la c\u00e1mara, micr\u00f3fono, almacenamiento, entre otros.<\/li><\/ul><p>La informaci\u00f3n completa sobre cada categor\u00eda de datos personales se detalla en las secciones correspondientes de esta Pol\u00edtica de Privacidad o en avisos espec\u00edficos antes de la recopilaci\u00f3n de dichos datos. Proporcionar ciertos datos es obligatorio para la prestaci\u00f3n del servicio. Si no se facilitan, Aiden Flex podr\u00eda no ser capaz de ofrecer determinados servicios.<\/p><h3>3. Modalidad y lugar del tratamiento de los Datos recogidos<\/h3><p><strong>Modalidades de Tratamiento:<\/strong><br \/>Aiden Flex trata los datos personales de manera adecuada y segura para evitar accesos no autorizados, revelaci\u00f3n, alteraci\u00f3n o destrucci\u00f3n de los mismos. El tratamiento se realiza mediante herramientas inform\u00e1ticas, siguiendo procedimientos relacionados con las finalidades del tratamiento. En algunos casos, el acceso a los datos puede ser realizado por personal autorizado o proveedores externos, nombrados como Encargados del Tratamiento.<\/p><p><strong>Lugar de Tratamiento:<\/strong><br \/>Los datos se tratan en las oficinas de Aiden Flex y en los lugares donde se encuentren los proveedores que participan en el tratamiento. Esto puede implicar transferencias de datos a otros pa\u00edses fuera del Espacio Econ\u00f3mico Europeo (EEE), con las debidas medidas de seguridad. Para m\u00e1s detalles, los usuarios pueden contactar a Aiden Flex.<\/p><h3>4. Base jur\u00eddica del Tratamiento<\/h3><p>Aiden Flex trata los datos personales en base a las siguientes condiciones:<\/p><ul><li>Consentimiento del usuario para una o varias finalidades espec\u00edficas.<\/li><li>Necesidad de los datos para la ejecuci\u00f3n de un contrato con el usuario.<\/li><li>Cumplimiento de una obligaci\u00f3n legal.<\/li><li>Inter\u00e9s leg\u00edtimo de Aiden Flex o de un tercero.<\/li><\/ul><h3>5. Per\u00edodo de conservaci\u00f3n de los Datos<\/h3><p>Los datos personales se conservar\u00e1n durante el tiempo necesario para cumplir la finalidad para la que fueron recopilados. Esto incluye:<\/p><ul><li>Datos recopilados para la ejecuci\u00f3n de un contrato, que se mantendr\u00e1n mientras dure la relaci\u00f3n contractual.<\/li><li>Datos tratados en base al inter\u00e9s leg\u00edto, que se mantendr\u00e1n mientras se mantenga dicho inter\u00e9s.<\/li><li>Datos tratados con el consentimiento del usuario, que se conservar\u00e1n hasta que se revoque dicho consentimiento.<\/li><\/ul><p>Una vez expirado el per\u00edodo de conservaci\u00f3n, los datos se eliminar\u00e1n de forma segura.<\/p><h3>6. Finalidad del Tratamiento de los Datos recogidos<\/h3><p>Aiden Flex recoge y trata los datos personales para:<\/p><ul><li>Proporcionar el servicio solicitado.<\/li><li>Cumplir con obligaciones legales.<\/li><li>Proteger los derechos e intereses de Aiden Flex, usuarios o terceros.<\/li><li>Gestionar interacciones en redes sociales, contactos y comunicaciones.<\/li><li>Realizar an\u00e1lisis estad\u00edsticos y mejora del servicio.<\/li><\/ul><h3>7. Derechos de los Usuarios<\/h3><p>Los usuarios pueden ejercer los siguientes derechos respecto al tratamiento de sus datos:<\/p><ul><li><strong>Acceso:<\/strong> conocer si Aiden Flex est\u00e1 tratando sus datos y obtener una copia.<\/li><li><strong>Rectificaci\u00f3n:<\/strong> corregir datos inexactos.<\/li><li><strong>Supresi\u00f3n:<\/strong> solicitar la eliminaci\u00f3n de los datos.<\/li><li><strong>Oposici\u00f3n:<\/strong> oponerse al tratamiento de los datos por motivos personales.<\/li><li><strong>Limitaci\u00f3n del tratamiento:<\/strong> solicitar que Aiden Flex solo almacene los datos en determinadas circunstancias.<\/li><li><strong>Portabilidad:<\/strong> recibir los datos en un formato estructurado y transferirlos a otro responsable.<\/li><\/ul><p>Para ejercer estos derechos, los usuarios deben contactar a Aiden Flex mediante los datos de contacto facilitados en esta Pol\u00edtica de Privacidad.<\/p><h3>8. Informaci\u00f3n adicional sobre la recogida de Datos y su tratamiento<\/h3><p><strong>Defensa jur\u00eddica:<\/strong><br \/>Los datos personales del usuario pueden ser utilizados para la defensa de Aiden Flex ante procedimientos judiciales relacionados con el uso inapropiado de la plataforma.<\/p><p><strong>Log del sistema y mantenimiento:<\/strong><br \/>Aiden Flex y proveedores de terceros pueden recopilar registros de actividad para mantenimiento y seguridad.<\/p><h3>9. Modificaci\u00f3n de la presente Pol\u00edtica de Privacidad<\/h3><p>Aiden Flex se reserva el derecho de modificar esta Pol\u00edtica de Privacidad en cualquier momento. Los usuarios ser\u00e1n notificados de las actualizaciones a trav\u00e9s de la plataforma y se recomienda revisar esta p\u00e1gina peri\u00f3dicamente. Si las modificaciones afectan el tratamiento basado en el consentimiento del usuario, se solicitar\u00e1 un nuevo consentimiento.<\/p><h3>10. Contacto<\/h3><p>Para cualquier consulta sobre esta Pol\u00edtica de Privacidad o sobre el tratamiento de sus datos personales, los usuarios pueden contactar con Aiden Flex a trav\u00e9s de:<\/p><ul><li><strong>Correo electr\u00f3nico:<\/strong> <a rel=\"noopener\">help@aidenflex.com<\/a><\/li><li><strong>Direcci\u00f3n postal:<\/strong> Kemp House, 160 City Road, London &#8211; EC1V 2NX, UNITED KINGDOM<\/li><\/ul>\t\t\t\t\t\t<\/div>\n\t\t\t\t<\/div>\n\t\t\t\t\t<\/div>\n\t\t\t\t<\/div>\n\t\t\t\t<\/div>\n\t\t","protected":false},"excerpt":{"rendered":"<p>Pol\u00edtica de privacidad POL\u00cdTICA DE PRIVACIDAD 1. Titular y Responsable del tratamiento de los Datos El responsable del tratamiento de los datos personales, conforme al RGPD, es: Aiden Flex Ltd Direcci\u00f3n: Kemp House, 160 City Road, London &#8211; EC1V 2NX, UNITED KINGDOM Tel\u00e9fono: +34 910 604 132 NIF: 16011374 Correo&hellip;<\/p>\n","protected":false},"author":1,"featured_media":0,"parent":0,"menu_order":0,"comment_status":"closed","ping_status":"closed","template":"elementor_header_footer","meta":{"footnotes":""},"class_list":["post-6544","page","type-page","status-publish","hentry"],"aioseo_notices":[],"_links":{"self":[{"href":"https:\/\/aiden.es\/store\/wp-json\/wp\/v2\/pages\/6544","targetHints":{"allow":["GET"]}}],"collection":[{"href":"https:\/\/aiden.es\/store\/wp-json\/wp\/v2\/pages"}],"about":[{"href":"https:\/\/aiden.es\/store\/wp-json\/wp\/v2\/types\/page"}],"author":[{"embeddable":true,"href":"https:\/\/aiden.es\/store\/wp-json\/wp\/v2\/users\/1"}],"replies":[{"embeddable":true,"href":"https:\/\/aiden.es\/store\/wp-json\/wp\/v2\/comments?post=6544"}],"version-history":[{"count":4,"href":"https:\/\/aiden.es\/store\/wp-json\/wp\/v2\/pages\/6544\/revisions"}],"predecessor-version":[{"id":6549,"href":"https:\/\/aiden.es\/store\/wp-json\/wp\/v2\/pages\/6544\/revisions\/6549"}],"wp:attachment":[{"href":"https:\/\/aiden.es\/store\/wp-json\/wp\/v2\/media?parent=6544"}],"curies":[{"name":"wp","href":"https:\/\/api.w.org\/{rel}","templated":true}]}}