{"id":6663,"date":"2024-11-28T12:08:14","date_gmt":"2024-11-28T12:08:14","guid":{"rendered":"https:\/\/aiden.es\/store\/?page_id=6663"},"modified":"2024-11-28T14:26:31","modified_gmt":"2024-11-28T14:26:31","slug":"hazte-vendedor","status":"publish","type":"page","link":"https:\/\/aiden.es\/store\/hazte-vendedor\/","title":{"rendered":"Hazte vendedor"},"content":{"rendered":"\t\t<div data-elementor-type=\"wp-page\" data-elementor-id=\"6663\" class=\"elementor elementor-6663\" data-elementor-post-type=\"page\">\n\t\t\t\t<div class=\"elementor-element elementor-element-31fed52c e-flex e-con-boxed e-con e-parent\" data-id=\"31fed52c\" data-element_type=\"container\" data-settings=\"{&quot;background_background&quot;:&quot;classic&quot;}\">\n\t\t\t\t\t<div class=\"e-con-inner\">\n\t\t<div class=\"elementor-element elementor-element-371c4850 e-con-full e-flex e-con e-child\" data-id=\"371c4850\" data-element_type=\"container\">\n\t\t\t\t<div class=\"elementor-element elementor-element-2d71f23f elementor-widget__width-initial elementor-widget elementor-widget-woocommerce-breadcrumb\" data-id=\"2d71f23f\" data-element_type=\"widget\" data-widget_type=\"woocommerce-breadcrumb.default\">\n\t\t\t\t<div class=\"elementor-widget-container\">\n\t\t\t<nav class=\"woocommerce-breadcrumb\" aria-label=\"Breadcrumb\">Inicio<\/nav>\t\t<\/div>\n\t\t\t\t<\/div>\n\t\t\t\t<div class=\"elementor-element elementor-element-4ab73826 elementor-widget elementor-widget-heading\" data-id=\"4ab73826\" data-element_type=\"widget\" data-widget_type=\"heading.default\">\n\t\t\t\t<div class=\"elementor-widget-container\">\n\t\t\t<h1 class=\"elementor-heading-title elementor-size-default\"><b>Hazte vendedor en Aiden Flex.<\/b><\/h1>\t\t<\/div>\n\t\t\t\t<\/div>\n\t\t\t\t<div class=\"elementor-element elementor-element-2aebe961 elementor-widget elementor-widget-text-editor\" data-id=\"2aebe961\" data-element_type=\"widget\" data-widget_type=\"text-editor.default\">\n\t\t\t\t<div class=\"elementor-widget-container\">\n\t\t\t\t\t\t\t<p>M\u00e1s de 400 vendedores profesionales ya est\u00e1n ampliando sus negocios en el marketplace de electr\u00f3nica reacondicionada con mayor crecimiento.<\/p>\t\t\t\t\t\t<\/div>\n\t\t\t\t<\/div>\n\t\t\t\t<div class=\"elementor-element elementor-element-1d517b elementor-icon-list--layout-traditional elementor-list-item-link-full_width elementor-widget elementor-widget-icon-list\" data-id=\"1d517b\" data-element_type=\"widget\" data-widget_type=\"icon-list.default\">\n\t\t\t\t<div class=\"elementor-widget-container\">\n\t\t\t\t\t<ul class=\"elementor-icon-list-items\">\n\t\t\t\t\t\t\t<li class=\"elementor-icon-list-item\">\n\t\t\t\t\t\t\t\t\t\t\t<span class=\"elementor-icon-list-icon\">\n\t\t\t\t\t\t\t<svg xmlns=\"http:\/\/www.w3.org\/2000\/svg\" viewBox=\"0 0 512 512\"><path d=\"M256 48a208 208 0 1 1 0 416 208 208 0 1 1 0-416zm0 464A256 256 0 1 0 256 0a256 256 0 1 0 0 512zM369 209c9.4-9.4 9.4-24.6 0-33.9s-24.6-9.4-33.9 0l-111 111-47-47c-9.4-9.4-24.6-9.4-33.9 0s-9.4 24.6 0 33.9l64 64c9.4 9.4 24.6 9.4 33.9 0L369 209z\"><\/path><\/svg>\t\t\t\t\t\t<\/span>\n\t\t\t\t\t\t\t\t\t\t<span class=\"elementor-icon-list-text\">Acceso a un mercado en crecimiento<\/span>\n\t\t\t\t\t\t\t\t\t<\/li>\n\t\t\t\t\t\t\t\t<li class=\"elementor-icon-list-item\">\n\t\t\t\t\t\t\t\t\t\t\t<span class=\"elementor-icon-list-icon\">\n\t\t\t\t\t\t\t<svg xmlns=\"http:\/\/www.w3.org\/2000\/svg\" viewBox=\"0 0 512 512\"><path d=\"M256 48a208 208 0 1 1 0 416 208 208 0 1 1 0-416zm0 464A256 256 0 1 0 256 0a256 256 0 1 0 0 512zM369 209c9.4-9.4 9.4-24.6 0-33.9s-24.6-9.4-33.9 0l-111 111-47-47c-9.4-9.4-24.6-9.4-33.9 0s-9.4 24.6 0 33.9l64 64c9.4 9.4 24.6 9.4 33.9 0L369 209z\"><\/path><\/svg>\t\t\t\t\t\t<\/span>\n\t\t\t\t\t\t\t\t\t\t<span class=\"elementor-icon-list-text\">Contribuci\u00f3n a la sostenibilidad<\/span>\n\t\t\t\t\t\t\t\t\t<\/li>\n\t\t\t\t\t\t\t\t<li class=\"elementor-icon-list-item\">\n\t\t\t\t\t\t\t\t\t\t\t<span class=\"elementor-icon-list-icon\">\n\t\t\t\t\t\t\t<svg xmlns=\"http:\/\/www.w3.org\/2000\/svg\" viewBox=\"0 0 512 512\"><path d=\"M256 48a208 208 0 1 1 0 416 208 208 0 1 1 0-416zm0 464A256 256 0 1 0 256 0a256 256 0 1 0 0 512zM369 209c9.4-9.4 9.4-24.6 0-33.9s-24.6-9.4-33.9 0l-111 111-47-47c-9.4-9.4-24.6-9.4-33.9 0s-9.4 24.6 0 33.9l64 64c9.4 9.4 24.6 9.4 33.9 0L369 209z\"><\/path><\/svg>\t\t\t\t\t\t<\/span>\n\t\t\t\t\t\t\t\t\t\t<span class=\"elementor-icon-list-text\">Garant\u00eda de calidad y confianza<\/span>\n\t\t\t\t\t\t\t\t\t<\/li>\n\t\t\t\t\t\t<\/ul>\n\t\t\t\t<\/div>\n\t\t\t\t<\/div>\n\t\t\t\t<div class=\"elementor-element elementor-element-9da30df elementor-widget elementor-widget-button\" data-id=\"9da30df\" data-element_type=\"widget\" data-widget_type=\"button.default\">\n\t\t\t\t<div class=\"elementor-widget-container\">\n\t\t\t\t\t\t\t<div class=\"elementor-button-wrapper\">\n\t\t\t\t\t<a class=\"elementor-button elementor-button-link elementor-size-sm\" href=\"#\">\n\t\t\t\t\t\t<span class=\"elementor-button-content-wrapper\">\n\t\t\t\t\t\t\t\t\t<span class=\"elementor-button-text\">Hazte vendedor ahora<\/span>\n\t\t\t\t\t<\/span>\n\t\t\t\t\t<\/a>\n\t\t\t\t<\/div>\n\t\t\t\t\t\t<\/div>\n\t\t\t\t<\/div>\n\t\t\t\t<\/div>\n\t\t<div class=\"elementor-element elementor-element-483624c0 e-con-full e-flex e-con e-child\" data-id=\"483624c0\" data-element_type=\"container\">\n\t\t\t\t<div class=\"elementor-element elementor-element-1fb77347 elementor-invisible elementor-widget elementor-widget-image\" data-id=\"1fb77347\" data-element_type=\"widget\" data-settings=\"{&quot;_animation&quot;:&quot;fadeInLeft&quot;}\" data-widget_type=\"image.default\">\n\t\t\t\t<div class=\"elementor-widget-container\">\n\t\t\t\t\t\t\t\t\t\t\t\t\t<img fetchpriority=\"high\" decoding=\"async\" width=\"1024\" height=\"1024\" src=\"https:\/\/aiden.es\/store\/wp-content\/uploads\/2024\/10\/Logistic-150x150.png\" class=\"attachment-large size-large wp-image-5774 et-lazyload lazyload\" alt=\"\" data-src=\"https:\/\/aiden.es\/store\/wp-content\/uploads\/2024\/10\/Logistic-1024x1024.png\" data-sizes=\"(max-width: 1024px) 100vw, 1024px\" data-srcset=\"https:\/\/aiden.es\/store\/wp-content\/uploads\/2024\/10\/Logistic-1024x1024.png 1024w, https:\/\/aiden.es\/store\/wp-content\/uploads\/2024\/10\/Logistic-300x300.png 300w, https:\/\/aiden.es\/store\/wp-content\/uploads\/2024\/10\/Logistic-150x150.png 150w, https:\/\/aiden.es\/store\/wp-content\/uploads\/2024\/10\/Logistic-768x768.png 768w, https:\/\/aiden.es\/store\/wp-content\/uploads\/2024\/10\/Logistic-1536x1536.png 1536w, https:\/\/aiden.es\/store\/wp-content\/uploads\/2024\/10\/Logistic-600x600.png 600w, https:\/\/aiden.es\/store\/wp-content\/uploads\/2024\/10\/Logistic-900x900.png 900w, https:\/\/aiden.es\/store\/wp-content\/uploads\/2024\/10\/Logistic-100x100.png 100w, https:\/\/aiden.es\/store\/wp-content\/uploads\/2024\/10\/Logistic-50x50.png 50w, https:\/\/aiden.es\/store\/wp-content\/uploads\/2024\/10\/Logistic.png 2000w\" srcset=\"https:\/\/aiden.es\/store\/wp-content\/uploads\/2024\/10\/Logistic-150x150.png 150w, https:\/\/aiden.es\/store\/wp-content\/uploads\/2024\/10\/Logistic-300x300.png 300w, https:\/\/aiden.es\/store\/wp-content\/uploads\/2024\/10\/Logistic-1024x1024.png 1024w, https:\/\/aiden.es\/store\/wp-content\/uploads\/2024\/10\/Logistic-768x768.png 768w, https:\/\/aiden.es\/store\/wp-content\/uploads\/2024\/10\/Logistic-1536x1536.png 1536w, https:\/\/aiden.es\/store\/wp-content\/uploads\/2024\/10\/Logistic-600x600.png 600w, https:\/\/aiden.es\/store\/wp-content\/uploads\/2024\/10\/Logistic-900x900.png 900w, https:\/\/aiden.es\/store\/wp-content\/uploads\/2024\/10\/Logistic-100x100.png 100w, https:\/\/aiden.es\/store\/wp-content\/uploads\/2024\/10\/Logistic-50x50.png 50w, https:\/\/aiden.es\/store\/wp-content\/uploads\/2024\/10\/Logistic.png 2000w\" sizes=\"(max-width: 1024px) 100vw, 1024px\" \/>\t\t\t\t\t\t\t\t\t\t\t\t\t<\/div>\n\t\t\t\t<\/div>\n\t\t\t\t<\/div>\n\t\t\t\t\t<\/div>\n\t\t\t\t<\/div>\n\t\t<div class=\"elementor-element elementor-element-7eda4425 e-con-full e-flex e-con e-parent\" data-id=\"7eda4425\" data-element_type=\"container\" data-settings=\"{&quot;background_background&quot;:&quot;classic&quot;}\">\n\t\t<div class=\"elementor-element elementor-element-23227686 e-grid e-con-full e-con e-child\" data-id=\"23227686\" data-element_type=\"container\">\n\t\t\t\t<div class=\"elementor-element elementor-element-3ae2748b elementor-align-center elementor-mobile-align-left elementor-icon-list--layout-traditional elementor-list-item-link-full_width elementor-widget elementor-widget-icon-list\" data-id=\"3ae2748b\" data-element_type=\"widget\" data-widget_type=\"icon-list.default\">\n\t\t\t\t<div class=\"elementor-widget-container\">\n\t\t\t\t\t<ul class=\"elementor-icon-list-items\">\n\t\t\t\t\t\t\t<li class=\"elementor-icon-list-item\">\n\t\t\t\t\t\t\t\t\t\t\t<span class=\"elementor-icon-list-icon\">\n\t\t\t\t\t\t\t<svg xmlns=\"http:\/\/www.w3.org\/2000\/svg\" viewBox=\"0 0 512 512\"><path d=\"M64.1 126L256 51.5 448 126c1 43.5-6.9 106.9-33.8 168.8C385.9 359.7 337.1 422.4 256 459.6c-81.1-37.1-129.9-99.9-158.1-164.8C71 232.9 63.1 169.5 64.1 126zm431.4-13l-1.2-20.5L475.1 85 267.6 4.5 256 0 244.4 4.5 36.9 85 17.8 92.5 16.6 113c-2.9 49.9 4.9 126.3 37.3 200.9c32.7 75.2 91 150 189.4 192.6L256 512l12.7-5.5c98.4-42.6 156.7-117.3 189.4-192.6c32.4-74.7 40.2-151 37.3-200.9zM369 209l17-17L352 158.1l-17 17-111 111-47-47-17-17L126.1 256l17 17 64 64 17 17 17-17L369 209z\"><\/path><\/svg>\t\t\t\t\t\t<\/span>\n\t\t\t\t\t\t\t\t\t\t<span class=\"elementor-icon-list-text\">Confianza de Aiden en m\u00e1s de 30 pa\u00edses<\/span>\n\t\t\t\t\t\t\t\t\t<\/li>\n\t\t\t\t\t\t<\/ul>\n\t\t\t\t<\/div>\n\t\t\t\t<\/div>\n\t\t\t\t<div class=\"elementor-element elementor-element-720bdbc elementor-align-center elementor-mobile-align-left elementor-icon-list--layout-traditional elementor-list-item-link-full_width elementor-widget elementor-widget-icon-list\" data-id=\"720bdbc\" data-element_type=\"widget\" data-widget_type=\"icon-list.default\">\n\t\t\t\t<div class=\"elementor-widget-container\">\n\t\t\t\t\t<ul class=\"elementor-icon-list-items\">\n\t\t\t\t\t\t\t<li class=\"elementor-icon-list-item\">\n\t\t\t\t\t\t\t\t\t\t\t<span class=\"elementor-icon-list-icon\">\n\t\t\t\t\t\t\t<svg xmlns=\"http:\/\/www.w3.org\/2000\/svg\" viewBox=\"0 0 640 512\"><path d=\"M352 48c8.8 0 16 7.2 16 16l0 288c0 8.8-7.2 16-16 16l-32 0-76.8 0c-16.6-28.7-47.6-48-83.2-48s-66.6 19.3-83.2 48L64 368c-8.8 0-16-7.2-16-16L48 64c0-8.8 7.2-16 16-16l288 0zm32 368c0 53 43 96 96 96s96-43 96-96l40 0c13.3 0 24-10.7 24-24s-10.7-24-24-24l-8 0 0-122.7c0-14.9-5.9-29.1-16.4-39.6l-93.3-93.3C487.8 101.9 473.6 96 458.7 96L416 96l0-32c0-35.3-28.7-64-64-64L64 0C28.7 0 0 28.7 0 64L0 352c0 35.3 28.7 64 64 64c0 53 43 96 96 96s96-43 96-96l64 0 32 0 24 0 8 0zM557.7 239.6c.1 .1 .3 .3 .4 .4l-142 0 0-96 42.7 0c2.1 0 4.2 .8 5.7 2.3l93.3 93.3zM112 416a48 48 0 1 1 96 0 48 48 0 1 1 -96 0zm368-48a48 48 0 1 1 0 96 48 48 0 1 1 0-96z\"><\/path><\/svg>\t\t\t\t\t\t<\/span>\n\t\t\t\t\t\t\t\t\t\t<span class=\"elementor-icon-list-text\">Plataforma de env\u00edos express<\/span>\n\t\t\t\t\t\t\t\t\t<\/li>\n\t\t\t\t\t\t<\/ul>\n\t\t\t\t<\/div>\n\t\t\t\t<\/div>\n\t\t\t\t<div class=\"elementor-element elementor-element-1f736301 elementor-align-center elementor-mobile-align-left elementor-icon-list--layout-traditional elementor-list-item-link-full_width elementor-widget elementor-widget-icon-list\" data-id=\"1f736301\" data-element_type=\"widget\" data-widget_type=\"icon-list.default\">\n\t\t\t\t<div class=\"elementor-widget-container\">\n\t\t\t\t\t<ul class=\"elementor-icon-list-items\">\n\t\t\t\t\t\t\t<li class=\"elementor-icon-list-item\">\n\t\t\t\t\t\t\t\t\t\t\t<span class=\"elementor-icon-list-icon\">\n\t\t\t\t\t\t\t<svg xmlns=\"http:\/\/www.w3.org\/2000\/svg\" viewBox=\"0 0 512 512\"><path d=\"M140.8 122.9C171.7 96.2 212 80 256 80c97.2 0 176 78.8 176 176s-78.8 176-176 176c-39.7 0-76.2-13.1-105.6-35.2c-10.6-8-25.6-5.8-33.6 4.8s-5.8 25.6 4.8 33.6C159 463.3 205.6 480 256 480c123.7 0 224-100.3 224-224S379.7 32 256 32c-57.3 0-109.6 21.5-149.2 56.9L76.3 58.3C69.7 51.7 60.7 48 51.3 48C31.8 48 16 63.8 16 83.3L16 200c0 13.3 10.7 24 24 24l116.7 0c19.5 0 35.3-15.8 35.3-35.3c0-9.4-3.7-18.3-10.3-25l-40.8-40.8zm-76.8-9L126.1 176 64 176l0-62.1z\"><\/path><\/svg>\t\t\t\t\t\t<\/span>\n\t\t\t\t\t\t\t\t\t\t<span class=\"elementor-icon-list-text\">Devoluciones r\u00e1pidas<\/span>\n\t\t\t\t\t\t\t\t\t<\/li>\n\t\t\t\t\t\t<\/ul>\n\t\t\t\t<\/div>\n\t\t\t\t<\/div>\n\t\t\t\t<div class=\"elementor-element elementor-element-9a2a050 elementor-align-center elementor-mobile-align-left elementor-icon-list--layout-traditional elementor-list-item-link-full_width elementor-widget elementor-widget-icon-list\" data-id=\"9a2a050\" data-element_type=\"widget\" data-widget_type=\"icon-list.default\">\n\t\t\t\t<div class=\"elementor-widget-container\">\n\t\t\t\t\t<ul class=\"elementor-icon-list-items\">\n\t\t\t\t\t\t\t<li class=\"elementor-icon-list-item\">\n\t\t\t\t\t\t\t\t\t\t\t<span class=\"elementor-icon-list-icon\">\n\t\t\t\t\t\t\t<svg xmlns=\"http:\/\/www.w3.org\/2000\/svg\" viewBox=\"0 0 512 512\"><path d=\"M48 256C48 141.1 141.1 48 256 48s208 93.1 208 208l0 144.1c0 22.1-17.9 40-40 40L313.6 440c-8.3-14.4-23.8-24-41.6-24l-32 0c-26.5 0-48 21.5-48 48s21.5 48 48 48l32 0c17.8 0 33.3-9.7 41.6-24l110.4 .1c48.6 0 88.1-39.4 88.1-88L512 256C512 114.6 397.4 0 256 0S0 114.6 0 256l0 40c0 13.3 10.7 24 24 24s24-10.7 24-24l0-40zm112-32l0 112c-17.7 0-32-14.3-32-32l0-48c0-17.7 14.3-32 32-32zM80 256l0 48c0 44.2 35.8 80 80 80l16 0c17.7 0 32-14.3 32-32l0-144c0-17.7-14.3-32-32-32l-16 0c-44.2 0-80 35.8-80 80zm272-32c17.7 0 32 14.3 32 32l0 48c0 17.7-14.3 32-32 32l0-112zm80 32c0-44.2-35.8-80-80-80l-16 0c-17.7 0-32 14.3-32 32l0 144c0 17.7 14.3 32 32 32l16 0c44.2 0 80-35.8 80-80l0-48z\"><\/path><\/svg>\t\t\t\t\t\t<\/span>\n\t\t\t\t\t\t\t\t\t\t<span class=\"elementor-icon-list-text\">Atenci\u00f3n premium<\/span>\n\t\t\t\t\t\t\t\t\t<\/li>\n\t\t\t\t\t\t<\/ul>\n\t\t\t\t<\/div>\n\t\t\t\t<\/div>\n\t\t\t\t<\/div>\n\t\t\t\t<\/div>\n\t\t<div class=\"elementor-element elementor-element-0a0808c e-flex e-con-boxed e-con e-parent\" data-id=\"0a0808c\" data-element_type=\"container\">\n\t\t\t\t\t<div class=\"e-con-inner\">\n\t\t<div class=\"elementor-element elementor-element-b1eac4f e-con-full e-flex e-con e-child\" data-id=\"b1eac4f\" data-element_type=\"container\">\n\t\t\t\t<div class=\"elementor-element elementor-element-88890e2 elementor-widget elementor-widget-image\" data-id=\"88890e2\" data-element_type=\"widget\" data-widget_type=\"image.default\">\n\t\t\t\t<div class=\"elementor-widget-container\">\n\t\t\t\t\t\t\t\t\t\t\t\t\t<img decoding=\"async\" width=\"1024\" height=\"1024\" src=\"https:\/\/aiden.es\/store\/wp-content\/uploads\/2024\/10\/Media-150x150.png\" class=\"attachment-large size-large wp-image-5785 et-lazyload lazyload\" alt=\"\" data-src=\"https:\/\/aiden.es\/store\/wp-content\/uploads\/2024\/10\/Media-1024x1024.png\" data-sizes=\"(max-width: 1024px) 100vw, 1024px\" data-srcset=\"https:\/\/aiden.es\/store\/wp-content\/uploads\/2024\/10\/Media-1024x1024.png 1024w, https:\/\/aiden.es\/store\/wp-content\/uploads\/2024\/10\/Media-300x300.png 300w, https:\/\/aiden.es\/store\/wp-content\/uploads\/2024\/10\/Media-150x150.png 150w, https:\/\/aiden.es\/store\/wp-content\/uploads\/2024\/10\/Media-768x768.png 768w, https:\/\/aiden.es\/store\/wp-content\/uploads\/2024\/10\/Media-1536x1536.png 1536w, https:\/\/aiden.es\/store\/wp-content\/uploads\/2024\/10\/Media-600x600.png 600w, https:\/\/aiden.es\/store\/wp-content\/uploads\/2024\/10\/Media-900x900.png 900w, https:\/\/aiden.es\/store\/wp-content\/uploads\/2024\/10\/Media-100x100.png 100w, https:\/\/aiden.es\/store\/wp-content\/uploads\/2024\/10\/Media-50x50.png 50w, https:\/\/aiden.es\/store\/wp-content\/uploads\/2024\/10\/Media.png 2000w\" srcset=\"https:\/\/aiden.es\/store\/wp-content\/uploads\/2024\/10\/Media-150x150.png 150w, https:\/\/aiden.es\/store\/wp-content\/uploads\/2024\/10\/Media-300x300.png 300w, https:\/\/aiden.es\/store\/wp-content\/uploads\/2024\/10\/Media-1024x1024.png 1024w, https:\/\/aiden.es\/store\/wp-content\/uploads\/2024\/10\/Media-768x768.png 768w, https:\/\/aiden.es\/store\/wp-content\/uploads\/2024\/10\/Media-1536x1536.png 1536w, https:\/\/aiden.es\/store\/wp-content\/uploads\/2024\/10\/Media-600x600.png 600w, https:\/\/aiden.es\/store\/wp-content\/uploads\/2024\/10\/Media-900x900.png 900w, https:\/\/aiden.es\/store\/wp-content\/uploads\/2024\/10\/Media-100x100.png 100w, https:\/\/aiden.es\/store\/wp-content\/uploads\/2024\/10\/Media-50x50.png 50w, https:\/\/aiden.es\/store\/wp-content\/uploads\/2024\/10\/Media.png 2000w\" sizes=\"(max-width: 1024px) 100vw, 1024px\" \/>\t\t\t\t\t\t\t\t\t\t\t\t\t<\/div>\n\t\t\t\t<\/div>\n\t\t\t\t<\/div>\n\t\t<div class=\"elementor-element elementor-element-2680d2e e-con-full e-flex e-con e-child\" data-id=\"2680d2e\" data-element_type=\"container\">\n\t\t\t\t<div class=\"elementor-element elementor-element-e27d57e elementor-widget elementor-widget-heading\" data-id=\"e27d57e\" data-element_type=\"widget\" data-widget_type=\"heading.default\">\n\t\t\t\t<div class=\"elementor-widget-container\">\n\t\t\t<h1 class=\"elementor-heading-title elementor-size-default\"><b>Impulsa tu negocio con herramientas y servicios que marcan la diferencia<\/b><\/h1>\t\t<\/div>\n\t\t\t\t<\/div>\n\t\t\t\t<div class=\"elementor-element elementor-element-8c59b81 elementor-widget elementor-widget-text-editor\" data-id=\"8c59b81\" data-element_type=\"widget\" data-widget_type=\"text-editor.default\">\n\t\t\t\t<div class=\"elementor-widget-container\">\n\t\t\t\t\t\t\t<p>Escala r\u00e1pidamente tu negocio con herramientas, asistencia y servicios dise\u00f1ados para maximizar tus resultados: optimiza tus ventas con un algoritmo afinado que asegura tu lugar en el mercado, accede a datos en tiempo real para mejorar la calidad y aumentar ingresos, y a\u00f1ade servicios integrales para la gesti\u00f3n de productos, desde almacenamiento y env\u00edo hasta reparaciones. Adem\u00e1s, disfruta de protecci\u00f3n contra fraudes y reembolsos, aprovecha campa\u00f1as publicitarias dise\u00f1adas para generar confianza en la electr\u00f3nica reacondicionada, y recibe soporte personalizado de profesionales expertos.<\/p>\t\t\t\t\t\t<\/div>\n\t\t\t\t<\/div>\n\t\t\t\t<\/div>\n\t\t\t\t\t<\/div>\n\t\t\t\t<\/div>\n\t\t<div class=\"elementor-element elementor-element-aa815fe e-flex e-con-boxed e-con e-parent\" data-id=\"aa815fe\" data-element_type=\"container\">\n\t\t\t\t\t<div class=\"e-con-inner\">\n\t\t<div class=\"elementor-element elementor-element-4ed3846 e-con-full e-flex e-con e-child\" data-id=\"4ed3846\" data-element_type=\"container\">\n\t\t\t\t<div class=\"elementor-element elementor-element-5568455 elementor-widget elementor-widget-heading\" data-id=\"5568455\" data-element_type=\"widget\" data-widget_type=\"heading.default\">\n\t\t\t\t<div class=\"elementor-widget-container\">\n\t\t\t<h1 class=\"elementor-heading-title elementor-size-default\"><b>Enf\u00f3cate en lo importante: nosotros nos encargamos del resto<\/b><\/h1>\t\t<\/div>\n\t\t\t\t<\/div>\n\t\t\t\t<div class=\"elementor-element elementor-element-d9610c1 elementor-widget elementor-widget-text-editor\" data-id=\"d9610c1\" data-element_type=\"widget\" data-widget_type=\"text-editor.default\">\n\t\t\t\t<div class=\"elementor-widget-container\">\n\t\t\t\t\t\t\t<p>Ded\u00edcate a lo que mejor sabes hacer: encuentra, reacondiciona y vende la mejor electr\u00f3nica. Con el servicio de Atenci\u00f3n al Cliente de Aiden Flex, tendr\u00e1s una soluci\u00f3n integral que gestiona atenci\u00f3n al cliente, devoluciones y embalaje de m\u00f3viles. Externaliza estas tareas y enf\u00f3cate en hacer crecer tu negocio.<\/p>\t\t\t\t\t\t<\/div>\n\t\t\t\t<\/div>\n\t\t\t\t<\/div>\n\t\t<div class=\"elementor-element elementor-element-1c66549 e-con-full e-flex e-con e-child\" data-id=\"1c66549\" data-element_type=\"container\">\n\t\t\t\t<div class=\"elementor-element elementor-element-a8c8406 elementor-widget elementor-widget-image\" data-id=\"a8c8406\" data-element_type=\"widget\" data-widget_type=\"image.default\">\n\t\t\t\t<div class=\"elementor-widget-container\">\n\t\t\t\t\t\t\t\t\t\t\t\t\t<img decoding=\"async\" width=\"1024\" height=\"1024\" src=\"https:\/\/aiden.es\/store\/wp-content\/uploads\/2024\/10\/Payment-150x150.png\" class=\"attachment-large size-large wp-image-5769 et-lazyload lazyload\" alt=\"\" data-src=\"https:\/\/aiden.es\/store\/wp-content\/uploads\/2024\/10\/Payment-1024x1024.png\" data-sizes=\"(max-width: 1024px) 100vw, 1024px\" data-srcset=\"https:\/\/aiden.es\/store\/wp-content\/uploads\/2024\/10\/Payment-1024x1024.png 1024w, https:\/\/aiden.es\/store\/wp-content\/uploads\/2024\/10\/Payment-300x300.png 300w, https:\/\/aiden.es\/store\/wp-content\/uploads\/2024\/10\/Payment-150x150.png 150w, https:\/\/aiden.es\/store\/wp-content\/uploads\/2024\/10\/Payment-768x768.png 768w, https:\/\/aiden.es\/store\/wp-content\/uploads\/2024\/10\/Payment-1536x1536.png 1536w, https:\/\/aiden.es\/store\/wp-content\/uploads\/2024\/10\/Payment-600x600.png 600w, https:\/\/aiden.es\/store\/wp-content\/uploads\/2024\/10\/Payment-900x900.png 900w, https:\/\/aiden.es\/store\/wp-content\/uploads\/2024\/10\/Payment-100x100.png 100w, https:\/\/aiden.es\/store\/wp-content\/uploads\/2024\/10\/Payment-50x50.png 50w, https:\/\/aiden.es\/store\/wp-content\/uploads\/2024\/10\/Payment.png 2000w\" srcset=\"https:\/\/aiden.es\/store\/wp-content\/uploads\/2024\/10\/Payment-150x150.png 150w, https:\/\/aiden.es\/store\/wp-content\/uploads\/2024\/10\/Payment-300x300.png 300w, https:\/\/aiden.es\/store\/wp-content\/uploads\/2024\/10\/Payment-1024x1024.png 1024w, https:\/\/aiden.es\/store\/wp-content\/uploads\/2024\/10\/Payment-768x768.png 768w, https:\/\/aiden.es\/store\/wp-content\/uploads\/2024\/10\/Payment-1536x1536.png 1536w, https:\/\/aiden.es\/store\/wp-content\/uploads\/2024\/10\/Payment-600x600.png 600w, https:\/\/aiden.es\/store\/wp-content\/uploads\/2024\/10\/Payment-900x900.png 900w, https:\/\/aiden.es\/store\/wp-content\/uploads\/2024\/10\/Payment-100x100.png 100w, https:\/\/aiden.es\/store\/wp-content\/uploads\/2024\/10\/Payment-50x50.png 50w, https:\/\/aiden.es\/store\/wp-content\/uploads\/2024\/10\/Payment.png 2000w\" sizes=\"(max-width: 1024px) 100vw, 1024px\" \/>\t\t\t\t\t\t\t\t\t\t\t\t\t<\/div>\n\t\t\t\t<\/div>\n\t\t\t\t<\/div>\n\t\t\t\t\t<\/div>\n\t\t\t\t<\/div>\n\t\t<div class=\"elementor-element elementor-element-b311f32 e-con-full e-flex e-con e-parent\" data-id=\"b311f32\" data-element_type=\"container\">\n\t\t\t\t<div class=\"elementor-element elementor-element-3aa318e elementor-widget elementor-widget-html\" data-id=\"3aa318e\" data-element_type=\"widget\" data-widget_type=\"html.default\">\n\t\t\t\t<div class=\"elementor-widget-container\">\n\t\t\t<script src=\"https:\/\/static.elfsight.com\/platform\/platform.js\" async><\/script>\n<div class=\"elfsight-app-5434ad40-b329-4c6a-9f9b-55cfab6f3e8c\" data-elfsight-app-lazy><\/div>\t\t<\/div>\n\t\t\t\t<\/div>\n\t\t\t\t<\/div>\n\t\t<div class=\"elementor-element elementor-element-1fb1e947 e-flex e-con-boxed e-con e-parent\" data-id=\"1fb1e947\" data-element_type=\"container\">\n\t\t\t\t\t<div class=\"e-con-inner\">\n\t\t\t\t<div class=\"elementor-element elementor-element-5d3fc1e1 elementor-widget elementor-widget-html\" data-id=\"5d3fc1e1\" data-element_type=\"widget\" data-widget_type=\"html.default\">\n\t\t\t\t<div class=\"elementor-widget-container\">\n\t\t\t<script src=\"https:\/\/static.elfsight.com\/platform\/platform.js\" async><\/script>\n<div class=\"elfsight-app-86871d68-731b-4332-853b-80443ba1101e\" data-elfsight-app-lazy><\/div>\t\t<\/div>\n\t\t\t\t<\/div>\n\t\t\t\t\t<\/div>\n\t\t\t\t<\/div>\n\t\t\t\t<\/div>\n\t\t","protected":false},"excerpt":{"rendered":"<p>Hazte vendedor en Aiden Flex. M\u00e1s de 400 vendedores profesionales ya est\u00e1n ampliando sus negocios en el marketplace de electr\u00f3nica reacondicionada con mayor crecimiento. Acceso a un mercado en crecimiento Contribuci\u00f3n a la sostenibilidad Garant\u00eda de calidad y confianza Hazte vendedor ahora Confianza de Aiden en m\u00e1s de 30 pa\u00edses&hellip;<\/p>\n","protected":false},"author":1,"featured_media":0,"parent":0,"menu_order":0,"comment_status":"closed","ping_status":"closed","template":"elementor_header_footer","meta":{"footnotes":""},"class_list":["post-6663","page","type-page","status-publish","hentry"],"aioseo_notices":[],"_links":{"self":[{"href":"https:\/\/aiden.es\/store\/wp-json\/wp\/v2\/pages\/6663","targetHints":{"allow":["GET"]}}],"collection":[{"href":"https:\/\/aiden.es\/store\/wp-json\/wp\/v2\/pages"}],"about":[{"href":"https:\/\/aiden.es\/store\/wp-json\/wp\/v2\/types\/page"}],"author":[{"embeddable":true,"href":"https:\/\/aiden.es\/store\/wp-json\/wp\/v2\/users\/1"}],"replies":[{"embeddable":true,"href":"https:\/\/aiden.es\/store\/wp-json\/wp\/v2\/comments?post=6663"}],"version-history":[{"count":19,"href":"https:\/\/aiden.es\/store\/wp-json\/wp\/v2\/pages\/6663\/revisions"}],"predecessor-version":[{"id":6688,"href":"https:\/\/aiden.es\/store\/wp-json\/wp\/v2\/pages\/6663\/revisions\/6688"}],"wp:attachment":[{"href":"https:\/\/aiden.es\/store\/wp-json\/wp\/v2\/media?parent=6663"}],"curies":[{"name":"wp","href":"https:\/\/api.w.org\/{rel}","templated":true}]}}