{"id":5526,"date":"2024-03-22T00:58:28","date_gmt":"2024-03-22T00:58:28","guid":{"rendered":"https:\/\/aiden.es\/store\/?post_type=product&#038;p=5526"},"modified":"2024-03-27T17:02:08","modified_gmt":"2024-03-27T17:02:08","slug":"galaxy-note10-256gb-negro-libre-dual-sim","status":"publish","type":"product","link":"https:\/\/aiden.es\/store\/product\/galaxy-note10-256gb-negro-libre-dual-sim\/","title":{"rendered":"Galaxy Note10+ 256GB &#8211; Negro &#8211; Libre &#8211; Dual-SIM"},"content":{"rendered":"<p>Pantalla:<\/p>\n<p>Tipo: Dynamic AMOLED capacitiva t\u00e1ctil, 16M colores<br \/>\nTama\u00f1o: 6.8 pulgadas<br \/>\nResoluci\u00f3n: 1440 x 3040 p\u00edxeles (QHD+)<br \/>\nHDR10+<br \/>\nProtecci\u00f3n: Corning Gorilla Glass 6<br \/>\nSistema Operativo:<\/p>\n<p>Android 9.0 (Pie), actualizable a Android 10, One UI 2<br \/>\nProcesador:<\/p>\n<p>Exynos 9825 (7 nm) &#8211; EMEA \/ Qualcomm SDM855 Snapdragon 855 (7 nm) &#8211; USA\/LATAM, China<br \/>\nCPU: Octa-core (2&#215;2.73 GHz Mongoose M4 &#038; 2&#215;2.4 GHz Cortex-A75 &#038; 4&#215;1.9 GHz Cortex-A55) &#8211; EMEA \/ Octa-core (1&#215;2.84 GHz Kryo 485 &#038; 3&#215;2.42 GHz Kryo 485 &#038; 4&#215;1.78 GHz Kryo 485) &#8211; USA\/LATAM, China<br \/>\nGPU: Mali-G76 MP12 &#8211; EMEA \/ Adreno 640 &#8211; USA\/LATAM, China<br \/>\nMemoria:<\/p>\n<p>Interna: 256GB de almacenamiento, 12GB de RAM<br \/>\nRanura para tarjeta microSD (hasta 1 TB, usa la ranura SIM 2)<br \/>\nC\u00e1mara:<\/p>\n<p>Principal (cu\u00e1druple):<br \/>\n12 MP, f\/1.5-2.4, 27mm (wide)<br \/>\n12 MP, f\/2.1, 52mm (telefoto)<br \/>\n16 MP, f\/2.2, 12mm (ultra ancho)<br \/>\nTOF 3D, f\/1.4, 1.0\u00b5m<br \/>\nFrontal (\u00fanica):<br \/>\n10 MP, f\/2.2, 26mm (wide)<br \/>\nBater\u00eda:<\/p>\n<p>Li-Ion 4300 mAh, no extra\u00edble<br \/>\nCarga r\u00e1pida de 45W<br \/>\nCarga inal\u00e1mbrica de 15W<br \/>\nPower bank\/reverse wireless charging 9W<br \/>\nConectividad:<\/p>\n<p>SIM: Dual SIM (Nano-SIM, dual stand-by)<br \/>\n4G LTE-A, Wi-Fi 802.11 a\/b\/g\/n\/ac\/ax, Bluetooth 5.0, GPS<br \/>\nUSB: USB Type-C 3.1<br \/>\nNFC<br \/>\nEsc\u00e1ner de iris, lector de huellas dactilares (bajo pantalla, ultras\u00f3nico)<br \/>\nOtras caracter\u00edsticas:<\/p>\n<p>S-Pen: Control remoto por gestos, hasta 10 horas de autonom\u00eda de bater\u00eda<br \/>\nAltavoces est\u00e9reo AKG<br \/>\nCancelaci\u00f3n activa de ruido con micr\u00f3fono dedicado<br \/>\nSamsung DeX (compatible)<br \/>\nResistencia al agua y al polvo (IP68)<br \/>\nSamsung Pay (MST\/NFC)<br \/>\nDimensiones y Peso:<\/p>\n<p>Dimensiones: 162.3 x 77.2 x 7.9 mm<br \/>\nPeso: 196 g<br \/>\nColores disponibles: Aura Glow, Aura White, Aura Black, Aura Blue<\/p>\n","protected":false},"excerpt":{"rendered":"<p>Este dispositivo ofrece un conjunto completo de caracter\u00edsticas premium que incluyen una gran pantalla, una potente configuraci\u00f3n de c\u00e1mara, una bater\u00eda de larga duraci\u00f3n y la caracter\u00edstica distintiva de la serie Note, el S-Pen, que proporciona una funcionalidad adicional para la productividad y la creatividad.<\/p>\n<p><script src=\"https:\/\/static.elfsight.com\/platform\/platform.js\" data-use-service-core defer><\/script><\/p>\n<div class=\"elfsight-app-dfcb4d41-0866-4018-abbd-5849ef167fb1\" data-elfsight-app-lazy=\"\"><\/div>\n<p><script src=\"https:\/\/static.elfsight.com\/platform\/platform.js\" data-use-service-core defer><\/script><\/p>\n<div class=\"elfsight-app-3daf05dc-1c8e-43c2-8433-fe1a6ba0f6c8\" data-elfsight-app-lazy=\"\">\n<div class=\"gb-group group-wrap-layout wrap-right\">\n<p>&nbsp;<\/p>\n<\/div>\n<\/div>\n","protected":false},"featured_media":5527,"template":"","meta":[],"product_cat":[15],"product_tag":[],"class_list":{"0":"post-5526","1":"product","2":"type-product","3":"status-publish","4":"has-post-thumbnail","6":"product_cat-uncategorized","8":"first","9":"instock","10":"taxable","11":"shipping-taxable","12":"purchasable","13":"product-type-simple"},"aioseo_notices":[],"_links":{"self":[{"href":"https:\/\/aiden.es\/store\/wp-json\/wp\/v2\/product\/5526","targetHints":{"allow":["GET"]}}],"collection":[{"href":"https:\/\/aiden.es\/store\/wp-json\/wp\/v2\/product"}],"about":[{"href":"https:\/\/aiden.es\/store\/wp-json\/wp\/v2\/types\/product"}],"wp:featuredmedia":[{"embeddable":true,"href":"https:\/\/aiden.es\/store\/wp-json\/wp\/v2\/media\/5527"}],"wp:attachment":[{"href":"https:\/\/aiden.es\/store\/wp-json\/wp\/v2\/media?parent=5526"}],"wp:term":[{"taxonomy":"product_cat","embeddable":true,"href":"https:\/\/aiden.es\/store\/wp-json\/wp\/v2\/product_cat?post=5526"},{"taxonomy":"product_tag","embeddable":true,"href":"https:\/\/aiden.es\/store\/wp-json\/wp\/v2\/product_tag?post=5526"}],"curies":[{"name":"wp","href":"https:\/\/api.w.org\/{rel}","templated":true}]}}