{"id":5540,"date":"2024-03-22T01:10:52","date_gmt":"2024-03-22T01:10:52","guid":{"rendered":"https:\/\/aiden.es\/store\/?post_type=product&#038;p=5540"},"modified":"2024-10-07T14:04:52","modified_gmt":"2024-10-07T14:04:52","slug":"ipad-9-7-2017-5-a-generacion-32-go-wifi-gris-espacial","status":"publish","type":"product","link":"https:\/\/aiden.es\/store\/product\/ipad-9-7-2017-5-a-generacion-32-go-wifi-gris-espacial\/","title":{"rendered":"iPad 9.7 (2017) 5.a generaci\u00f3n 32 Go &#8211; WiFi &#8211; Gris Espacial"},"content":{"rendered":"<p>Dimensiones y Peso:<\/p>\n<p>Altura: 240 mm (9.4 pulgadas)<br \/>\nAncho: 169.5 mm (6.6 pulgadas)<br \/>\nGrosor: 7.5 mm (0.29 pulgadas)<br \/>\nPeso: 469 gramos (modelo WiFi)<br \/>\nPantalla:<\/p>\n<p>Pantalla Retina con retroiluminaci\u00f3n LED de 9.7 pulgadas.<br \/>\nResoluci\u00f3n de 2048 x 1536 p\u00edxeles a 264 p\u00edxeles por pulgada (ppi).<br \/>\nTecnolog\u00eda IPS (In-Plane Switching) para una amplia gama de colores y \u00e1ngulos de visi\u00f3n.<br \/>\nChip:<\/p>\n<p>Procesador A9 de 64 bits con arquitectura de coprocesador de movimiento M9 integrado.<br \/>\nCapacidad de Almacenamiento:<\/p>\n<p>32 GB de almacenamiento interno.<br \/>\nC\u00e1mara:<\/p>\n<p>C\u00e1mara trasera de 8 megap\u00edxeles.<br \/>\nApertura de f\/2.4.<br \/>\nGrabaci\u00f3n de video HD (1080p) a 30 fps.<br \/>\nC\u00e1mara FaceTime HD de 1.2 megap\u00edxeles.<br \/>\nApertura de f\/2.2.<br \/>\nGrabaci\u00f3n de video HD (720p).<br \/>\nConectividad:<\/p>\n<p>WiFi 802.11a\/b\/g\/n\/ac.<br \/>\nTecnolog\u00eda Bluetooth 4.2.<br \/>\nSensores:<\/p>\n<p>Sensor de identificaci\u00f3n de huellas dactilares Touch ID.<br \/>\nGiroscopio de tres ejes.<br \/>\nAceler\u00f3metro.<br \/>\nSensor de luz ambiental.<br \/>\nBater\u00eda:<\/p>\n<p>Bater\u00eda recargable integrada de pol\u00edmero de litio con hasta 10 horas de navegaci\u00f3n por Internet a trav\u00e9s de WiFi, reproducci\u00f3n de video o m\u00fasica.<br \/>\nSistema Operativo:<\/p>\n<p>Originalmente lanzado con iOS 10, pero puede actualizarse a versiones posteriores de iOS (dependiendo de la compatibilidad).<br \/>\nOtras Caracter\u00edsticas:<\/p>\n<p>Altavoces est\u00e9reo integrados.<br \/>\nConector Lightning para cargar y sincronizar.<br \/>\nCompatibilidad con Apple Pencil (vendido por separado).<\/p>\n","protected":false},"excerpt":{"rendered":"<p>Estas especificaciones t\u00e9cnicas hacen del iPad 9.7 (2017) una opci\u00f3n vers\u00e1til para consumir contenido multimedia, realizar tareas productivas y disfrutar de una variedad de aplicaciones disponibles en el ecosistema de iOS.<\/p>\n<p><script src=\"https:\/\/static.elfsight.com\/platform\/platform.js\" data-use-service-core defer><\/script><\/p>\n<div class=\"elfsight-app-dfcb4d41-0866-4018-abbd-5849ef167fb1\" data-elfsight-app-lazy=\"\"><\/div>\n<p><script src=\"https:\/\/static.elfsight.com\/platform\/platform.js\" data-use-service-core defer><\/script><\/p>\n<div class=\"elfsight-app-3daf05dc-1c8e-43c2-8433-fe1a6ba0f6c8\" data-elfsight-app-lazy=\"\">\n<div class=\"gb-group group-wrap-layout wrap-right\">\n<p>&nbsp;<\/p>\n<\/div>\n<\/div>\n","protected":false},"featured_media":5542,"template":"","meta":[],"product_cat":[103],"product_tag":[],"class_list":{"0":"post-5540","1":"product","2":"type-product","3":"status-publish","4":"has-post-thumbnail","6":"product_cat-ipad","8":"first","9":"instock","10":"taxable","11":"shipping-taxable","12":"purchasable","13":"product-type-simple"},"aioseo_notices":[],"_links":{"self":[{"href":"https:\/\/aiden.es\/store\/wp-json\/wp\/v2\/product\/5540","targetHints":{"allow":["GET"]}}],"collection":[{"href":"https:\/\/aiden.es\/store\/wp-json\/wp\/v2\/product"}],"about":[{"href":"https:\/\/aiden.es\/store\/wp-json\/wp\/v2\/types\/product"}],"wp:featuredmedia":[{"embeddable":true,"href":"https:\/\/aiden.es\/store\/wp-json\/wp\/v2\/media\/5542"}],"wp:attachment":[{"href":"https:\/\/aiden.es\/store\/wp-json\/wp\/v2\/media?parent=5540"}],"wp:term":[{"taxonomy":"product_cat","embeddable":true,"href":"https:\/\/aiden.es\/store\/wp-json\/wp\/v2\/product_cat?post=5540"},{"taxonomy":"product_tag","embeddable":true,"href":"https:\/\/aiden.es\/store\/wp-json\/wp\/v2\/product_tag?post=5540"}],"curies":[{"name":"wp","href":"https:\/\/api.w.org\/{rel}","templated":true}]}}