{"id":5561,"date":"2024-03-22T14:00:37","date_gmt":"2024-03-22T14:00:37","guid":{"rendered":"https:\/\/aiden.es\/store\/?post_type=product&#038;p=5561"},"modified":"2024-03-27T17:01:30","modified_gmt":"2024-03-27T17:01:30","slug":"ipad-pro-11-2018-1-a-generacion-256-go-wifi-plata","status":"publish","type":"product","link":"https:\/\/aiden.es\/store\/product\/ipad-pro-11-2018-1-a-generacion-256-go-wifi-plata\/","title":{"rendered":"iPad Pro 11 (2018) 1.a generaci\u00f3n 256 Go &#8211; WiFi &#8211; Plata"},"content":{"rendered":"<p>Dimensiones y Peso:<\/p>\n<p>Alto: 247.6 mm (9.75 pulgadas)<br \/>\nAncho: 178.5 mm (7.02 pulgadas)<br \/>\nGrosor: 5.9 mm (0.23 pulgadas)<br \/>\nPeso: Aproximadamente 468 gramos (WiFi)<br \/>\nPantalla:<\/p>\n<p>Tama\u00f1o: 11 pulgadas (diagonal)<br \/>\nTipo: Liquid Retina Display con tecnolog\u00eda IPS<br \/>\nResoluci\u00f3n: 2388 x 1668 p\u00edxeles a 264 ppp (p\u00edxeles por pulgada)<br \/>\nGama de colores: Amplia gama de colores (P3)<br \/>\nBrillo: Hasta 600 nits de brillo<br \/>\nTecnolog\u00eda True Tone<br \/>\nRecubrimiento oleof\u00f3bico resistente a huellas dactilares<br \/>\nCompatible con Apple Pencil (2.\u00aa generaci\u00f3n)<br \/>\nChip:<\/p>\n<p>Chip A12X Bionic con arquitectura de 64 bits<br \/>\nNeural Engine de \u00faltima generaci\u00f3n<br \/>\nC\u00e1mara:<\/p>\n<p>C\u00e1mara trasera:<br \/>\n12 megap\u00edxeles<br \/>\nApertura de f\/1.8<br \/>\nZoom digital hasta 5x<br \/>\nEstabilizaci\u00f3n \u00f3ptica de imagen<br \/>\nGrabaci\u00f3n de v\u00eddeo 4K a 30 o 60 f\/s<br \/>\nC\u00e1mara frontal (FaceTime HD):<br \/>\n7 megap\u00edxeles<br \/>\nApertura de f\/2.2<br \/>\nGrabaci\u00f3n de v\u00eddeo 1080p HD<br \/>\nConectividad:<\/p>\n<p>Conexi\u00f3n WiFi 802.11a\/b\/g\/n\/ac<br \/>\nTecnolog\u00eda Bluetooth 5.0<br \/>\nCompatibilidad con redes m\u00f3viles (en modelos con conectividad celular)<br \/>\nAlmacenamiento:<\/p>\n<p>Capacidad: 256 GB<br \/>\nBater\u00eda:<\/p>\n<p>Bater\u00eda recargable integrada de pol\u00edmero de litio<br \/>\nHasta 10 horas de navegaci\u00f3n por Internet a trav\u00e9s de WiFi, reproducci\u00f3n de v\u00eddeo o m\u00fasica<br \/>\nSistema Operativo:<\/p>\n<p>Inicialmente lanzado con iOS 12, actualizable a versiones posteriores de iOS.<br \/>\nOtros Caracter\u00edsticas:<\/p>\n<p>Face ID para la autenticaci\u00f3n y seguridad<br \/>\nAltavoces est\u00e9reo<br \/>\nCuatro altavoces (dos en la parte superior y dos en la parte inferior)<br \/>\nPuertos: Conector USB-C<br \/>\nCompatible con teclado Smart Keyboard Folio y con el Apple Pencil (2.\u00aa generaci\u00f3n)<br \/>\nColor:<\/p>\n<p>Plata<\/p>\n","protected":false},"excerpt":{"rendered":"<p>Esta descripci\u00f3n proporciona una visi\u00f3n general de las especificaciones t\u00e9cnicas clave del iPad Pro 11 (2018) de primera generaci\u00f3n en su configuraci\u00f3n de 256 GB, conectividad WiFi y color plata.<\/p>\n<p><script src=\"https:\/\/static.elfsight.com\/platform\/platform.js\" data-use-service-core defer><\/script><\/p>\n<div class=\"elfsight-app-dfcb4d41-0866-4018-abbd-5849ef167fb1\" data-elfsight-app-lazy=\"\"><\/div>\n<p><script src=\"https:\/\/static.elfsight.com\/platform\/platform.js\" data-use-service-core defer><\/script><\/p>\n<div class=\"elfsight-app-3daf05dc-1c8e-43c2-8433-fe1a6ba0f6c8\" data-elfsight-app-lazy=\"\">\n<div class=\"gb-group group-wrap-layout wrap-right\">\n<p>&nbsp;<\/p>\n<\/div>\n<\/div>\n","protected":false},"featured_media":5564,"template":"","meta":[],"product_cat":[103],"product_tag":[],"class_list":{"0":"post-5561","1":"product","2":"type-product","3":"status-publish","4":"has-post-thumbnail","6":"product_cat-ipad","8":"first","9":"instock","10":"taxable","11":"shipping-taxable","12":"purchasable","13":"product-type-simple"},"aioseo_notices":[],"_links":{"self":[{"href":"https:\/\/aiden.es\/store\/wp-json\/wp\/v2\/product\/5561","targetHints":{"allow":["GET"]}}],"collection":[{"href":"https:\/\/aiden.es\/store\/wp-json\/wp\/v2\/product"}],"about":[{"href":"https:\/\/aiden.es\/store\/wp-json\/wp\/v2\/types\/product"}],"wp:featuredmedia":[{"embeddable":true,"href":"https:\/\/aiden.es\/store\/wp-json\/wp\/v2\/media\/5564"}],"wp:attachment":[{"href":"https:\/\/aiden.es\/store\/wp-json\/wp\/v2\/media?parent=5561"}],"wp:term":[{"taxonomy":"product_cat","embeddable":true,"href":"https:\/\/aiden.es\/store\/wp-json\/wp\/v2\/product_cat?post=5561"},{"taxonomy":"product_tag","embeddable":true,"href":"https:\/\/aiden.es\/store\/wp-json\/wp\/v2\/product_tag?post=5561"}],"curies":[{"name":"wp","href":"https:\/\/api.w.org\/{rel}","templated":true}]}}